{"id":1038,"date":"2018-06-18T23:00:08","date_gmt":"2018-06-18T23:00:08","guid":{"rendered":"https:\/\/test.buerger-cham.ch\/staging\/?page_id=1038"},"modified":"2020-05-06T18:03:16","modified_gmt":"2020-05-06T18:03:16","slug":"aktuell-12-november-2010","status":"publish","type":"page","link":"https:\/\/buerger-cham.ch\/?page_id=1038","title":{"rendered":"19. Juni 2018"},"content":{"rendered":"<p>[et_pb_section fb_built=&#8220;1&#8243; _builder_version=&#8220;4.0.9&#8243;][et_pb_row _builder_version=&#8220;4.0.9&#8243;][et_pb_column type=&#8220;4_4&#8243; _builder_version=&#8220;4.0.9&#8243;][et_pb_text content_tablet=&#8220;&#8220; content_phone=&#8220;&#8220; content_last_edited=&#8220;on|phone&#8220; _builder_version=&#8220;4.0.9&#8243; text_text_color=&#8220;#000000&#8243; text_font_size=&#8220;25px&#8220; text_line_height=&#8220;1.8em&#8220; width=&#8220;100%&#8220;]<\/p>\n<p><span>Erfolgreichem Rechnungsabschluss 2017 zugestimmt<\/span><\/p>\n<p>[\/et_pb_text][\/et_pb_column][\/et_pb_row][et_pb_row _builder_version=&#8220;4.0.9&#8243;][et_pb_column type=&#8220;4_4&#8243; _builder_version=&#8220;4.0.9&#8243;][et_pb_text ol_position=&#8220;outside&#8220; ol_item_indent=&#8220;20px&#8220; _builder_version=&#8220;4.0.9&#8243; text_text_color=&#8220;#000000&#8243; text_font_size=&#8220;17px&#8220; ol_font_size=&#8220;17px&#8220; ol_line_height=&#8220;2.5em&#8220; hover_enabled=&#8220;0&#8243;]<\/p>\n<p><b>B\u00fcrgergemeinde-Versammlung vom 19. Juni 2018<\/b><\/p>\n<p><b><\/b><\/p>\n<p><span>Die von 78 Stimmberechtigten besuchte B\u00fcrgergemeinde-Versammlung Cham stimmte am 19. Juni allen Gesch\u00e4ften zu. Die Versammlung wurde erstmals vom neuen B\u00fcrgerpr\u00e4sidenten J\u00f6rg Beck geleitet. Im Mittelpunkt stand die Genehmigung der Rechnung 2017, die mit einem \u00dcberschuss von 477\u2018850 Franken abschloss; budgetiert waren CHF 214\u2018506.00. <\/span><\/p>\n<p><span>F\u00fcr die \u00dcberdachung des Treppenaufgangs zum Parkhaus B\u00fcel wurde grossmehrheitlich ein Kredit von 41&#8217;000 Franken bewilligt.<\/span><\/p>\n<p>[\/et_pb_text][\/et_pb_column][\/et_pb_row][\/et_pb_section]<\/p>\n","protected":false},"excerpt":{"rendered":"<p>Erfolgreichem Rechnungsabschluss 2017 zugestimmtB\u00fcrgergemeinde-Versammlung vom 19. Juni 2018 Die von 78 Stimmberechtigten besuchte B\u00fcrgergemeinde-Versammlung Cham stimmte am 19. Juni allen Gesch\u00e4ften zu. Die Versammlung wurde erstmals vom neuen B\u00fcrgerpr\u00e4sidenten J\u00f6rg Beck geleitet. Im Mittelpunkt stand die Genehmigung der Rechnung 2017, die mit einem \u00dcberschuss von 477\u2018850 Franken abschloss; budgetiert waren CHF 214\u2018506.00. F\u00fcr die \u00dcberdachung [&hellip;]<\/p>\n","protected":false},"author":1,"featured_media":0,"parent":0,"menu_order":0,"comment_status":"closed","ping_status":"closed","template":"","meta":{"_et_pb_use_builder":"on","_et_pb_old_content":"","_et_gb_content_width":"","footnotes":""},"_links":{"self":[{"href":"https:\/\/buerger-cham.ch\/index.php?rest_route=\/wp\/v2\/pages\/1038"}],"collection":[{"href":"https:\/\/buerger-cham.ch\/index.php?rest_route=\/wp\/v2\/pages"}],"about":[{"href":"https:\/\/buerger-cham.ch\/index.php?rest_route=\/wp\/v2\/types\/page"}],"author":[{"embeddable":true,"href":"https:\/\/buerger-cham.ch\/index.php?rest_route=\/wp\/v2\/users\/1"}],"replies":[{"embeddable":true,"href":"https:\/\/buerger-cham.ch\/index.php?rest_route=%2Fwp%2Fv2%2Fcomments&post=1038"}],"version-history":[{"count":5,"href":"https:\/\/buerger-cham.ch\/index.php?rest_route=\/wp\/v2\/pages\/1038\/revisions"}],"predecessor-version":[{"id":1535,"href":"https:\/\/buerger-cham.ch\/index.php?rest_route=\/wp\/v2\/pages\/1038\/revisions\/1535"}],"wp:attachment":[{"href":"https:\/\/buerger-cham.ch\/index.php?rest_route=%2Fwp%2Fv2%2Fmedia&parent=1038"}],"curies":[{"name":"wp","href":"https:\/\/api.w.org\/{rel}","templated":true}]}}