{"id":1060,"date":"2017-10-03T23:00:08","date_gmt":"2017-10-03T23:00:08","guid":{"rendered":"https:\/\/test.buerger-cham.ch\/staging\/?page_id=1060"},"modified":"2021-03-17T16:55:57","modified_gmt":"2021-03-17T16:55:57","slug":"6-september-2009","status":"publish","type":"page","link":"https:\/\/buerger-cham.ch\/?page_id=1060","title":{"rendered":"3. Oktober 2017"},"content":{"rendered":"<p>[et_pb_section fb_built=&#8220;1&#8243; _builder_version=&#8220;4.0.9&#8243;][et_pb_row _builder_version=&#8220;4.0.9&#8243; custom_padding=&#8220;||0px|||&#8220;][et_pb_column type=&#8220;4_4&#8243; _builder_version=&#8220;4.0.9&#8243;][et_pb_text content_tablet=&#8220;&#8220; content_phone=&#8220;&#8220; content_last_edited=&#8220;on|phone&#8220; _builder_version=&#8220;4.0.9&#8243; text_text_color=&#8220;#000000&#8243; text_font_size=&#8220;25px&#8220; text_line_height=&#8220;1.8em&#8220; width=&#8220;100%&#8220;]<\/p>\n<p class=\"titel_groesser\">Neuer B\u00fcrgerpr\u00e4sident gew\u00e4hlt<span style=\"font-size: 25px;\">\u00a0<\/span><\/p>\n<p>[\/et_pb_text][\/et_pb_column][\/et_pb_row][et_pb_row _builder_version=&#8220;4.0.9&#8243;][et_pb_column type=&#8220;4_4&#8243; _builder_version=&#8220;4.0.9&#8243;][et_pb_text ol_position=&#8220;outside&#8220; ol_item_indent=&#8220;20px&#8220; _builder_version=&#8220;4.0.9&#8243; text_text_color=&#8220;#000000&#8243; text_font_size=&#8220;17px&#8220; ol_font_size=&#8220;17px&#8220; ol_line_height=&#8220;2.5em&#8220;]<\/p>\n<p><span style=\"font-size: 17px;\"><b>Wahlversammlung vom 3. Oktober 2017<\/b><\/span><\/p>\n<p><span style=\"font-size: 17px;\"><br \/> 105 Stimmberechtigte w\u00e4hlten an der Wahlversammlung vom 3. Oktober 2017 J\u00f6rg Beck einstimmig zum neuen B\u00fcrgerpr\u00e4sidenten von Cham. Der amtierende Vizepr\u00e4sident tritt die Nachfolge von Othmar Werder an, der nach 16 Jahren als B\u00fcrgerrat, davon 12 Jahre als Pr\u00e4sident, seinen R\u00fccktritt erkl\u00e4rt hatte. Als neuen B\u00fcrgerrat bestimmte die Versammlung einstimmig Andr\u00e9 Bitzi (51), H\u00fcnenberg. Wiedergew\u00e4hlt wurden die B\u00fcrgerr\u00e4te J\u00f6rg Beck, Karin Schoch, Brigitte Strickler und Stefan Hausheer.<\/span><\/p>\n<p><span style=\"font-size: 17px;\">In der Rechnungspr\u00fcfungskommission (RPK) nimmt neu Pascal Niffeler (37), Hagendorn, Einsitz; er ersetzt Tobias Eberle, der nach vier Jahren zur\u00fcckgetreten ist. Weiter sind die bisherigen Mitglieder der RPK, Astrid Zangger, auch als Pr\u00e4sidentin, und Nicole Annen, wiedergew\u00e4hlt worden.<\/span><\/p>\n<p><strong style=\"font-size: 17px;\"><br \/> Budget angenommen<\/strong><\/p>\n<p><span style=\"font-size: 17px;\">Das Budget sieht bei Aufwendungen von Fr.\u00a0677\u2019010.00 und Ertr\u00e4gen von Fr. 981\u2019301.00 einen Ertrags\u00fcberschuss von Fr. 304\u2019291.00 vor. Es wurde oppositionslos genehmigt. Auch 2018 erhebt die B\u00fcrgergemeinde Cham keine Steuern.<\/span><\/p>\n<p>Zugestimmt wurde im Weiteren einem Projektierungskredit von rund 130&#8217;000 Franken. Damit kann der B\u00fcrgerrat den Neubau der Liegenschaft Rigistrasse 7, die sich im Besitz der B\u00fcrgergemeinde befindet, planen. Das Haus aus dem Jahre 1910 befindet sich in einem schlechten Zustand.<\/p>\n<p><span style=\"font-size: 17px;\">Zum Schluss der Versammlung verabschiedete die B\u00fcrgergemeinde den Pr\u00e4sidenten Othmar Werder. In seiner 16 Jahre dauernden Amtszeit realisierte die B\u00fcrgergemeinde zahlreiche Bauwerke: beispielsweise die Erweiterung des Pflegezentrums, das letztes Jahr eingeweiht wurde, oder das Parkhaus Rigiplatz. \u00abOthmar Werder war ein Macher, der die B\u00fcrgergemeinde Cham zielstrebig weiterbrachte\u00bb, charakterisierte ihn Vizepr\u00e4sident J\u00f6rg Beck.<\/span><\/p>\n<p><span style=\"font-size: 17px;\">\u2013 Vorlage <span style=\"color: #ff0000;\"><a href=\"https:\/\/buerger-cham.ch\/wp-content\/uploads\/2021\/03\/bgv_171003_wahl.pdf\" target=\"_blank\" rel=\"noopener noreferrer\" style=\"color: #ff0000;\">download<\/a><\/span><br \/>\u2013 Protokoll <span style=\"color: #ff0000;\"><a href=\"wp-content\/uploads\/2020\/05\/bgv_171003_wahl.pdf\" target=\"_blank\" rel=\"noopener noreferrer\" style=\"color: #ff0000;\">download<\/a><\/span><\/span><\/p>\n<p>&nbsp;<\/p>\n<p>&nbsp;<\/p>\n<p>&nbsp;<\/p>\n<p>[\/et_pb_text][\/et_pb_column][\/et_pb_row][\/et_pb_section]<\/p>\n","protected":false},"excerpt":{"rendered":"<p>Neuer B\u00fcrgerpr\u00e4sident gew\u00e4hlt\u00a0Wahlversammlung vom 3. Oktober 2017 105 Stimmberechtigte w\u00e4hlten an der Wahlversammlung vom 3. Oktober 2017 J\u00f6rg Beck einstimmig zum neuen B\u00fcrgerpr\u00e4sidenten von Cham. Der amtierende Vizepr\u00e4sident tritt die Nachfolge von Othmar Werder an, der nach 16 Jahren als B\u00fcrgerrat, davon 12 Jahre als Pr\u00e4sident, seinen R\u00fccktritt erkl\u00e4rt hatte. Als neuen B\u00fcrgerrat bestimmte die [&hellip;]<\/p>\n","protected":false},"author":1,"featured_media":0,"parent":0,"menu_order":0,"comment_status":"closed","ping_status":"closed","template":"","meta":{"_et_pb_use_builder":"on","_et_pb_old_content":"","_et_gb_content_width":"","footnotes":""},"_links":{"self":[{"href":"https:\/\/buerger-cham.ch\/index.php?rest_route=\/wp\/v2\/pages\/1060"}],"collection":[{"href":"https:\/\/buerger-cham.ch\/index.php?rest_route=\/wp\/v2\/pages"}],"about":[{"href":"https:\/\/buerger-cham.ch\/index.php?rest_route=\/wp\/v2\/types\/page"}],"author":[{"embeddable":true,"href":"https:\/\/buerger-cham.ch\/index.php?rest_route=\/wp\/v2\/users\/1"}],"replies":[{"embeddable":true,"href":"https:\/\/buerger-cham.ch\/index.php?rest_route=%2Fwp%2Fv2%2Fcomments&post=1060"}],"version-history":[{"count":11,"href":"https:\/\/buerger-cham.ch\/index.php?rest_route=\/wp\/v2\/pages\/1060\/revisions"}],"predecessor-version":[{"id":1979,"href":"https:\/\/buerger-cham.ch\/index.php?rest_route=\/wp\/v2\/pages\/1060\/revisions\/1979"}],"wp:attachment":[{"href":"https:\/\/buerger-cham.ch\/index.php?rest_route=%2Fwp%2Fv2%2Fmedia&parent=1060"}],"curies":[{"name":"wp","href":"https:\/\/api.w.org\/{rel}","templated":true}]}}