{"id":1646,"date":"2013-06-13T23:00:16","date_gmt":"2013-06-13T23:00:16","guid":{"rendered":"https:\/\/test.buerger-cham.ch\/staging\/?page_id=1646"},"modified":"2020-05-11T17:14:25","modified_gmt":"2020-05-11T17:14:25","slug":"18-juni-2013","status":"publish","type":"page","link":"https:\/\/buerger-cham.ch\/?page_id=1646","title":{"rendered":"18. Juni 2013"},"content":{"rendered":"<p>[et_pb_section fb_built=&#8220;1&#8243; _builder_version=&#8220;4.0.9&#8243;][et_pb_row _builder_version=&#8220;4.0.9&#8243;][et_pb_column type=&#8220;4_4&#8243; _builder_version=&#8220;4.0.9&#8243;][et_pb_text content_tablet=&#8220;&#8220; content_phone=&#8220;&#8220; content_last_edited=&#8220;on|phone&#8220; _builder_version=&#8220;4.0.9&#8243; text_text_color=&#8220;#000000&#8243; text_font_size=&#8220;25px&#8220; text_line_height=&#8220;1.8em&#8220; width=&#8220;100%&#8220; hover_enabled=&#8220;0&#8243;]<\/p>\n<p class=\"titel_groesser\"><span>B\u00fcrgergemeinde unterst\u00fctzt Ziegeleimuseum<\/span><\/p>\n<p>[\/et_pb_text][\/et_pb_column][\/et_pb_row][et_pb_row _builder_version=&#8220;4.0.9&#8243;][et_pb_column type=&#8220;4_4&#8243; _builder_version=&#8220;4.0.9&#8243;][et_pb_text ol_position=&#8220;outside&#8220; ol_item_indent=&#8220;20px&#8220; _builder_version=&#8220;4.0.9&#8243; text_text_color=&#8220;#000000&#8243; text_font_size=&#8220;17px&#8220; ol_font_size=&#8220;17px&#8220; ol_line_height=&#8220;2.5em&#8220; hover_enabled=&#8220;0&#8243;]<\/p>\n<p><strong>B\u00fcrgergemeinde-Versammlung vom 18. Juni 2013<\/strong><\/p>\n<p>&nbsp;<\/p>\n<p><strong>Die Chamer B\u00fcrgergemeinde-Versammlung beschloss an der Versammlung vom 18. Juni 2013, das Ziegeleimuseum in Cham mit 20&#8217;000 Franken zu unterst\u00fctzen. B\u00fcrgerpr\u00e4sident Othmar Werder gab die Demission von zwei langj\u00e4hrigen Mitgliedern des B\u00fcrgerrates bekannt: Vizepr\u00e4sidentin Imelda Wyss und Rechnungsf\u00fchrer Bruno Besmer treten bei den kommenden Erneuerungswahlen nicht mehr an.<\/strong><\/p>\n<p>Einmal mehr war die B\u00fcrgergemeinde-Versammlung Cham trotz hochsommerlicher Temperaturen gut besucht: 71 Stimmberechtige hiessen s\u00e4mtliche Antr\u00e4ge des Rates an der von B\u00fcrgerpr\u00e4sident Othmar Werder geleiteten Versammlung gut. So wurde f\u00fcr die Innensanierung der Liegenschaft Rigistrasse 8, die Eigentum der B\u00fcrgergemeinde ist, einem Projektierungskredit von 90&#8217;000 Franken zugestimmt.<\/p>\n<p><strong>Rechnung schliesst mit \u00dcberschuss<\/strong><br \/>Auch im vergangenen Jahr konnte die B\u00fcrgergemeinde ihre Rechnung mit einem \u00dcberschuss abschliessen; 2012 betrug er 371&#8217;000 Franken. Davon werden 20&#8217;000 Franken der Stiftung Ziegeleimuseum \u00fcberwiesen. Einstimmig bewilligten die Stimmberechtigten diesen Betrag, nachdem Stiftungspr\u00e4sident Urs Perner ein \u00fcberzeugendes Pl\u00e4doyer f\u00fcr dieses einzigartige Museum hielt.\u00a0<\/p>\n<p><strong>\u00abSchlechte Verkehrserschliessung\u00bb<\/strong><br \/>Ein B\u00fcrger kritisierte an der Versammlung die schlechte Verkehrserschliessung des Pflegezentrums und der AndreasKlinik: Kein Bus fahre hin und die Zahl der Parkpl\u00e4tze sei beschr\u00e4nkt, bem\u00e4ngelte er. Ob sich die Situation verbessere, wenn das geplante Gymnasium beim R\u00f6hrliberg realisiert werde? Die Planung neuer Buslinien liege in der Verantwortung des Kantons, antwortete B\u00fcrgerpr\u00e4sident Othmar Werder. Eine schnelle L\u00f6sung sei nicht in Sicht. Hingegen setze sich der B\u00fcrgerrat seit Jahren f\u00fcr eine Verbesserung der Parkplatzsituation ein, scheitere aber regelm\u00e4ssig am Widerstand der Einwohnergemeinde. Indessen scheine nun Bewegung in die Sache zu kommen: Mit der Realisierung der Alterswohnungen beim Alterszentrum B\u00fcel entst\u00fcnden 30 bis 40 neue Parkpl\u00e4tze. Und im Zug der Neugestaltung des Rigiplatzes k\u00f6nne die B\u00fcrgergemeinde den Bau eines unterirdischen Parkhauses l\u00e4ngs der Rigistrasse ins Auge fassen; ein Vorprojekt sei bereits ausgearbeitet, berichtete B\u00fcrgerpr\u00e4sident Othmar Werder.<\/p>\n<p><strong>Wahlen am 1. Oktober<\/strong><\/p>\n<p>Auf Ende der Legislaturperiode werden zwei langj\u00e4hrige Mitglieder des B\u00fcrgerrates ihr Amt zur Verf\u00fcgung stellen: Vizepr\u00e4sidentin Imelda Wyss-Leupi, die seit 1998 das Sozialwesen betreut, und B\u00fcrgerrat Bruno Besmer, der seit 1994 als Rechnungsf\u00fchrer massgeblich f\u00fcr die gute Finanzlage der B\u00fcrgergemeinde verantwortlich zeichnet. Im Weiteren gaben auch zwei Mitglieder der Rechnungspr\u00fcfungskommission ihren R\u00fccktritt bekannt: Denise K\u00e4ppeli-Dettling und Josef Greter-Schmid. Die regul\u00e4ren Ersatzwahlen finden in Cham am 1. Oktober 2013 statt.<\/p>\n<p><strong>Ehrung von Ehrenb\u00fcrger Dr. Heinrich Baumgartner<\/strong><\/p>\n<p>Zu Beginn der Versammlung gedachten die B\u00fcrgerinnen und B\u00fcrger des verstorbenen Ehrenb\u00fcrgers Dr. Heinrich Baumgartner, der am 31. Mai 2013 im 91. Lebensjahr verstarb. Bei Heinrich Baumgartner handelt es sich um eine ausserordentliche Pers\u00f6nlichkeit, die in Cham nachhaltige Spuren hinterlassen hat und die noch heute sichtbar sind. Seine politische Karriere begann der Verstorbene bei der B\u00fcrgergemeinde, als er 1953 zum B\u00fcrgerschreiber gew\u00e4hlt wurde. 1961 w\u00e4hlte ihn die B\u00fcrgergemeinde zu ihrem Pr\u00e4sidenten. 1966 rief er die Stiftung Altersheim ins Leben und stand ihr als Pr\u00e4sident vor. Seine politische Laufbahn setzte er als Gemeinderat, Gemeindepr\u00e4sident und Regierungsrat fort.<\/p>\n<p>Als Hommage an die Pers\u00f6nlichkeit Heinrich Baumgartners und als Erinnerung an sein uneigenn\u00fctziges Schaffen f\u00fcr das Gemeinwohl verteilt der B\u00fcrgerrat eine kleine Schrift mit Bildern an die Anwesenden. Es handelt sich um eine Laudatio von alt B\u00fcrgerschreiber Oskar Gretener, welche dieser zum 70. Geburtstag von Heinrich Baumgartner verfasst hatte.<\/p>\n<p>&nbsp;<\/p>\n<p class=\"1grundtext\">\u2013 Vorlage <span style=\"color: #dc143c;\"><a href=\"wp-content\/uploads\/2020\/05\/bgv_151215_vorlage.pdf\" style=\"color: #dc143c;\">download<\/a><\/span><br \/> \u2013 Protokoll <span style=\"color: #dc143c;\"><a href=\"wp-content\/uploads\/2020\/05\/bgv_1512152.pdf\" style=\"color: #dc143c;\">download<br \/><\/a><\/span><span style=\"color: #000000;\"><a href=\"wp-content\/uploads\/2020\/05\/bgv_1512152.pdf\" style=\"color: #000000;\"><\/a>\u2013 Gedenkschrift Dr. Heinrich Baumgartner<\/span><span style=\"color: #ff0000;\"> <a href=\"wp-content\/uploads\/2020\/05\/Baumgartner_Heinrich.pdf\" style=\"color: #ff0000;\">download<\/a><\/span><\/p>\n<p>&nbsp;<\/p>\n<p class=\"1grundtext\">\n[\/et_pb_text][\/et_pb_column][\/et_pb_row][\/et_pb_section]<\/p>\n","protected":false},"excerpt":{"rendered":"<p>B\u00fcrgergemeinde unterst\u00fctzt Ziegeleimuseum B\u00fcrgergemeinde-Versammlung vom 18. Juni 2013 &nbsp; Die Chamer B\u00fcrgergemeinde-Versammlung beschloss an der Versammlung vom 18. Juni 2013, das Ziegeleimuseum in Cham mit 20&#8217;000 Franken zu unterst\u00fctzen. B\u00fcrgerpr\u00e4sident Othmar Werder gab die Demission von zwei langj\u00e4hrigen Mitgliedern des B\u00fcrgerrates bekannt: Vizepr\u00e4sidentin Imelda Wyss und Rechnungsf\u00fchrer Bruno Besmer treten bei den kommenden Erneuerungswahlen nicht [&hellip;]<\/p>\n","protected":false},"author":1,"featured_media":0,"parent":0,"menu_order":0,"comment_status":"closed","ping_status":"closed","template":"","meta":{"_et_pb_use_builder":"on","_et_pb_old_content":"","_et_gb_content_width":"","footnotes":""},"_links":{"self":[{"href":"https:\/\/buerger-cham.ch\/index.php?rest_route=\/wp\/v2\/pages\/1646"}],"collection":[{"href":"https:\/\/buerger-cham.ch\/index.php?rest_route=\/wp\/v2\/pages"}],"about":[{"href":"https:\/\/buerger-cham.ch\/index.php?rest_route=\/wp\/v2\/types\/page"}],"author":[{"embeddable":true,"href":"https:\/\/buerger-cham.ch\/index.php?rest_route=\/wp\/v2\/users\/1"}],"replies":[{"embeddable":true,"href":"https:\/\/buerger-cham.ch\/index.php?rest_route=%2Fwp%2Fv2%2Fcomments&post=1646"}],"version-history":[{"count":3,"href":"https:\/\/buerger-cham.ch\/index.php?rest_route=\/wp\/v2\/pages\/1646\/revisions"}],"predecessor-version":[{"id":1652,"href":"https:\/\/buerger-cham.ch\/index.php?rest_route=\/wp\/v2\/pages\/1646\/revisions\/1652"}],"wp:attachment":[{"href":"https:\/\/buerger-cham.ch\/index.php?rest_route=%2Fwp%2Fv2%2Fmedia&parent=1646"}],"curies":[{"name":"wp","href":"https:\/\/api.w.org\/{rel}","templated":true}]}}