{"id":1659,"date":"2012-06-19T23:00:27","date_gmt":"2012-06-19T23:00:27","guid":{"rendered":"https:\/\/test.buerger-cham.ch\/staging\/?page_id=1659"},"modified":"2020-05-11T18:08:11","modified_gmt":"2020-05-11T18:08:11","slug":"19-juni-2012","status":"publish","type":"page","link":"https:\/\/buerger-cham.ch\/?page_id=1659","title":{"rendered":"19. Juni 2012"},"content":{"rendered":"<p>[et_pb_section fb_built=&#8220;1&#8243; _builder_version=&#8220;4.0.9&#8243;][et_pb_row _builder_version=&#8220;4.0.9&#8243;][et_pb_column type=&#8220;4_4&#8243; _builder_version=&#8220;4.0.9&#8243;][et_pb_text content_tablet=&#8220;&#8220; content_phone=&#8220;&#8220; content_last_edited=&#8220;on|phone&#8220; _builder_version=&#8220;4.0.9&#8243; text_text_color=&#8220;#000000&#8243; text_font_size=&#8220;25px&#8220; text_line_height=&#8220;1.8em&#8220; width=&#8220;100%&#8220;]<\/p>\n<p class=\"titel_groesser\"><span>Anerkennungspreis an die Schnitzelbankgruppe \u00abGiftspr\u00fctzi\u00bb<\/span><\/p>\n<p>[\/et_pb_text][\/et_pb_column][\/et_pb_row][et_pb_row _builder_version=&#8220;4.0.9&#8243;][et_pb_column type=&#8220;4_4&#8243; _builder_version=&#8220;4.0.9&#8243;][et_pb_text ol_position=&#8220;outside&#8220; ol_item_indent=&#8220;20px&#8220; _builder_version=&#8220;4.0.9&#8243; text_text_color=&#8220;#000000&#8243; text_font_size=&#8220;17px&#8220; ol_font_size=&#8220;17px&#8220; ol_line_height=&#8220;2.5em&#8220;]<\/p>\n<p><strong>B\u00fcrgergemeinde-Versammlung vom 19. Juni 2012<\/strong><\/p>\n<p>&nbsp;<\/p>\n<p><strong>Die Chamer B\u00fcrgergemeinde-Versammlung beschloss an der Versammlung vom 19. Juni 2012 den Verkauf der Liegenschaft Tormattstrasse 7 zu einem Mindestverkaufspreis von 850&#8217;000 Franken. Der Erl\u00f6s geht in den Fonds Spendennutzen. Zugestimmt wurde im Weiteren der Rechnung 2011 sowie dem Antrag des B\u00fcrgerrates, die Liegenschaft Pflegezentrum in die Pflegezentrum Ennetsee AG zu \u00fcberf\u00fchren.<\/strong><\/p>\n<p>92 Stimmberechtige nahmen trotz sommerlicher W\u00e4rme und Fussball-EM an der von B\u00fcrgerpr\u00e4sident Othmar Werder geleiteten Versammlung teil. Bei drei Gegenstimmen beschloss die Versammlung den Verkauf der Liegenschaft Tormattstrasse 7 in Cham zu einem Mindestpreis von 850&#8217;000 Franken. Der Erl\u00f6s geht in den Fonds Spendennutzen. Aus dem Ertrag dieses Fonds, der vor sieben Jahren eingerichtet wurde, werden \u00abvon den Krankenkassen nicht gedeckte Kosten und Auslagen, die vor allem der Versch\u00f6nerung des Pflegezentrums Ennetsee, der Bequemlichkeit der Bewohner und der Erleichterung ihres Aufenthaltes dienen\u00bb finanziert, wie es in der Zweckbestimmung des Fonds heisst.<\/p>\n<p><b>Rechnung 2011 schliesst mit \u00dcberschuss<\/b><\/p>\n<p>Oppositionslos genehmigte die Versammlung die Rechnung 2011, die mit einem \u00dcberschuss von 140&#8217;400 Franken abschliesst. Von diesem \u00dcberschuss werden 90&#8217;000 Franken f\u00fcr Zusatzabschreibungen \u00abAnlieferung Spital\u00bb verwendet, und 50&#8217;000 Franken gehen in den Kulturfonds der B\u00fcrgergemeinde. Damit ist in den n\u00e4chsten Jahren die Finanzierung von kulturellen Aktivit\u00e4ten gesichert, unter anderem f\u00fcr den am Wochenende er\u00f6ffneten KunstKubusCham.<\/p>\n<p>Im Weiteren stimmte die Versammlung dem Antrag des B\u00fcrgerrates zu, die Liegenschaft Pflegezentrum an die Pflegezentrum Ennetsee AG zu \u00fcberf\u00fchren; diese Aktiengesellschaft befindet sich zu 100 Prozent im Besitz der B\u00fcrgergemeinde Cham. Mit der \u00dcberf\u00fchrung ist die Betriebsaktiengesellschaft nicht nur f\u00fcr den Betrieb, sondern auch f\u00fcr die Liegenschaftsbewirtschaftung zust\u00e4ndig \u2013 eine aus der Sicht des B\u00fcrgerrates und der B\u00fcrgergemeinde-Versammlung sinnvolle L\u00f6sung.<\/p>\n<p>\u2013 Vorlage <span style=\"color: #dc143c;\"><a href=\"wp-content\/uploads\/2020\/05\/bgv.121211.pdf\" style=\"color: #dc143c;\">download<\/a><\/span><br \/> \u2013 Protokoll <span style=\"color: #dc143c;\"><a href=\"wp-content\/uploads\/2020\/05\/bgv121211.pdf\" style=\"color: #dc143c;\">download<\/a><\/span><\/p>\n<p>&nbsp;<\/p>\n<p class=\"1grundtext\">\n[\/et_pb_text][\/et_pb_column][\/et_pb_row][\/et_pb_section]<\/p>\n","protected":false},"excerpt":{"rendered":"<p>Anerkennungspreis an die Schnitzelbankgruppe \u00abGiftspr\u00fctzi\u00bbB\u00fcrgergemeinde-Versammlung vom 19. Juni 2012 &nbsp; Die Chamer B\u00fcrgergemeinde-Versammlung beschloss an der Versammlung vom 19. Juni 2012 den Verkauf der Liegenschaft Tormattstrasse 7 zu einem Mindestverkaufspreis von 850&#8217;000 Franken. Der Erl\u00f6s geht in den Fonds Spendennutzen. Zugestimmt wurde im Weiteren der Rechnung 2011 sowie dem Antrag des B\u00fcrgerrates, die Liegenschaft Pflegezentrum [&hellip;]<\/p>\n","protected":false},"author":1,"featured_media":0,"parent":0,"menu_order":0,"comment_status":"closed","ping_status":"closed","template":"","meta":{"_et_pb_use_builder":"on","_et_pb_old_content":"","_et_gb_content_width":"","footnotes":""},"_links":{"self":[{"href":"https:\/\/buerger-cham.ch\/index.php?rest_route=\/wp\/v2\/pages\/1659"}],"collection":[{"href":"https:\/\/buerger-cham.ch\/index.php?rest_route=\/wp\/v2\/pages"}],"about":[{"href":"https:\/\/buerger-cham.ch\/index.php?rest_route=\/wp\/v2\/types\/page"}],"author":[{"embeddable":true,"href":"https:\/\/buerger-cham.ch\/index.php?rest_route=\/wp\/v2\/users\/1"}],"replies":[{"embeddable":true,"href":"https:\/\/buerger-cham.ch\/index.php?rest_route=%2Fwp%2Fv2%2Fcomments&post=1659"}],"version-history":[{"count":2,"href":"https:\/\/buerger-cham.ch\/index.php?rest_route=\/wp\/v2\/pages\/1659\/revisions"}],"predecessor-version":[{"id":1662,"href":"https:\/\/buerger-cham.ch\/index.php?rest_route=\/wp\/v2\/pages\/1659\/revisions\/1662"}],"wp:attachment":[{"href":"https:\/\/buerger-cham.ch\/index.php?rest_route=%2Fwp%2Fv2%2Fmedia&parent=1659"}],"curies":[{"name":"wp","href":"https:\/\/api.w.org\/{rel}","templated":true}]}}