{"id":1663,"date":"2011-12-13T23:00:37","date_gmt":"2011-12-13T23:00:37","guid":{"rendered":"https:\/\/test.buerger-cham.ch\/staging\/?page_id=1663"},"modified":"2020-05-11T18:21:24","modified_gmt":"2020-05-11T18:21:24","slug":"13-dezember-2011","status":"publish","type":"page","link":"https:\/\/buerger-cham.ch\/?page_id=1663","title":{"rendered":"13. Dezember 2011"},"content":{"rendered":"<p>[et_pb_section fb_built=&#8220;1&#8243; _builder_version=&#8220;4.0.9&#8243;][et_pb_row _builder_version=&#8220;4.0.9&#8243;][et_pb_column type=&#8220;4_4&#8243; _builder_version=&#8220;4.0.9&#8243;][et_pb_text content_tablet=&#8220;&#8220; content_phone=&#8220;&#8220; content_last_edited=&#8220;on|phone&#8220; _builder_version=&#8220;4.0.9&#8243; text_text_color=&#8220;#000000&#8243; text_font_size=&#8220;25px&#8220; text_line_height=&#8220;1.8em&#8220; width=&#8220;100%&#8220; hover_enabled=&#8220;0&#8243;]<\/p>\n<p class=\"Titel_gross\">Cham erh\u00e4lt ein Kleinstkunsthaus<\/p>\n<p>[\/et_pb_text][\/et_pb_column][\/et_pb_row][et_pb_row _builder_version=&#8220;4.0.9&#8243;][et_pb_column type=&#8220;4_4&#8243; _builder_version=&#8220;4.0.9&#8243;][et_pb_text ol_position=&#8220;outside&#8220; ol_item_indent=&#8220;20px&#8220; _builder_version=&#8220;4.0.9&#8243; text_text_color=&#8220;#000000&#8243; text_font_size=&#8220;17px&#8220; ol_font_size=&#8220;17px&#8220; ol_line_height=&#8220;2.5em&#8220; hover_enabled=&#8220;0&#8243;]<\/p>\n<p><strong>B\u00fcrgergemeinde-Versammlung vom 13. Dezember 2011<\/strong><\/p>\n<p><strong>Die Stimmberechtigten der B\u00fcrgergemeinde Cham hiessen am Dienstag, 13.\u00a0Dezember 2011, das Konzept f\u00fcr ein Kleinstkunsthaus gut und bewilligten daf\u00fcr einen Kredit von knapp 70&#8217;000 Franken.<\/strong><\/p>\n<p>&nbsp;<\/p>\n<p>Das Projekt eines Kleinstkunsthauses, das in einer stillgelegten WC-Anlage eingerichtet werden soll, mobilisierte und besch\u00e4ftigte die B\u00fcrgergemeinde-Versammlung: Mehr als 100 Personen nahmen an der von B\u00fcrgerpr\u00e4sident Othmar Werder geleiteten Versammlung teil und liessen sich zuerst \u00fcber das Vorhaben informieren: Die stillgelegte WC-Anlage an der Zugerstrasse soll auf einer Fl\u00e4che von 13 Quadratmetern soll ein Ort der Kunst werden. Heiri Scherer, Mitglieder der Kulturkommission und Pr\u00e4sident des Zuger Privilegs, skizzierte die vielf\u00e4ltigen M\u00f6glichkeiten eines solchen Kleinods im Chamer Dorfzentrum: \u00abDie Kleinr\u00e4umigkeit zwingt sowohl Betreiber wie K\u00fcnstler, neue und aussergew\u00f6hnliche Ausstellungsideen und -objekte zu konzipieren. Sie werden zwischen spektakul\u00e4r und allt\u00e4glich variieren.\u00bb Die WC-Anlage wird selbstverst\u00e4ndlich komplett umgebaut, so dass der ehemalige Verwendungszweck nicht mehr ersichtlich sein wird.<\/p>\n<p><b>Das Projekt anstossen<\/b><\/p>\n<p>Die B\u00fcrgergemeinde Cham wird das Projekt KunstKubusCham nicht selber betreiben, sondern versteht sich als Initiatorin dieses Vorhabens, wie B\u00fcrgerpr\u00e4sident Othmar Werder der Versammlung darlegte. Der in Cham aktive Verein Kulturcheckin wird eine aktive Rolle beim Betrieb dieses Kleinstkunsthauses \u00a0\u2013 dem KunstKubusCham \u2013 einnehmen. Zusammen mit einem Kurator wird der Verein Kulturcheckin f\u00fcr die Belebung der Chamer Kunstszene verantwortlich zeichnen.<\/p>\n<p><b>\u00abDer Standort ist nicht ideal\u00bb<\/b><\/p>\n<p>Nicht alle Anwesenden waren vom Vorhaben begeistert: Das Geb\u00e4ude sei zu klein, befinde sich an der falschen Lage \u2013\u00a0und \u00fcberhaupt: Wie kann man in einer alten, kleinen WC-Anlage etwas Gescheites \u2013 und erst recht: Kunst \u2013\u00a0realisieren? lauteten die skeptischen Voten. Die Bef\u00fcrworter lobten den B\u00fcrgerrat f\u00fcr dessen Mut, etwas Unkonventionelles anzupacken, sahen darin eine Chance f\u00fcr die Belebung des Dorfes und machten geltend, nicht die Gr\u00f6sse des Hauses sei entscheidend, sondern, was daraus gemacht werde. In der Abstimmung hiessen die Anwesenden mit 50 zu 35 Stimmen das Konzept gut und bewilligten einen Kredit von 69&#8217;000 Franken.<\/p>\n<p><b>Projektierungskredit f\u00fcr Sanierung einer Liegenschaft<\/b><\/p>\n<p>Im Weitern hiessen die Stimmberechtigten einen Projektierungskredit von 80&#8217;000 Franken f\u00fcr den An- und Umbau der Liegenschaft Tormattstrasse 7 gut, die sich im Besitze der B\u00fcrgergemeinde befindet. Auch hier meldeten sich kritische Stimmen zu Worte, die sich darum sorgten, dass die Miete f\u00fcr dieses Objekt zu teuer werde. Der B\u00fcrgerrat sicherte zu, er werde auch kosteng\u00fcnstige Varianten pr\u00fcfen, allenfalls auch den Verkauf der Liegenschaft.<\/p>\n<p>Zugestimmt wurde auch dem Budget 2012, das einen Vorschlag von rund 158&#8217;000 Franken vorsieht. Die Teilrevision des gemeindlichen Einb\u00fcrgerungsreglements wurde diskussionslos gutgeheissen.<span style=\"font-size: 17px;\">\u00a0<\/span><\/p>\n<p>&nbsp;<\/p>\n<p class=\"1grundtext\">\u2013 Vorlage <span style=\"color: #dc143c;\"><a href=\"wp-content\/uploads\/2020\/05\/Vorlage_BGV_111213_2.pdf\" style=\"color: #dc143c;\">download<\/a><\/span><br \/> \u2013 Protokoll <span style=\"color: #dc143c;\"><a href=\"wp-content\/uploads\/2020\/05\/bgv_111213.pdf\" style=\"color: #dc143c;\">download<\/a><\/span><\/p>\n<p>&nbsp;<\/p>\n<p class=\"1grundtext\">\n<p>[\/et_pb_text][\/et_pb_column][\/et_pb_row][\/et_pb_section]<\/p>\n","protected":false},"excerpt":{"rendered":"<p>Cham erh\u00e4lt ein Kleinstkunsthaus B\u00fcrgergemeinde-Versammlung vom 13. Dezember 2011 Die Stimmberechtigten der B\u00fcrgergemeinde Cham hiessen am Dienstag, 13.\u00a0Dezember 2011, das Konzept f\u00fcr ein Kleinstkunsthaus gut und bewilligten daf\u00fcr einen Kredit von knapp 70&#8217;000 Franken. &nbsp; Das Projekt eines Kleinstkunsthauses, das in einer stillgelegten WC-Anlage eingerichtet werden soll, mobilisierte und besch\u00e4ftigte die B\u00fcrgergemeinde-Versammlung: Mehr als 100 [&hellip;]<\/p>\n","protected":false},"author":1,"featured_media":0,"parent":0,"menu_order":0,"comment_status":"closed","ping_status":"closed","template":"","meta":{"_et_pb_use_builder":"on","_et_pb_old_content":"","_et_gb_content_width":"","footnotes":""},"_links":{"self":[{"href":"https:\/\/buerger-cham.ch\/index.php?rest_route=\/wp\/v2\/pages\/1663"}],"collection":[{"href":"https:\/\/buerger-cham.ch\/index.php?rest_route=\/wp\/v2\/pages"}],"about":[{"href":"https:\/\/buerger-cham.ch\/index.php?rest_route=\/wp\/v2\/types\/page"}],"author":[{"embeddable":true,"href":"https:\/\/buerger-cham.ch\/index.php?rest_route=\/wp\/v2\/users\/1"}],"replies":[{"embeddable":true,"href":"https:\/\/buerger-cham.ch\/index.php?rest_route=%2Fwp%2Fv2%2Fcomments&post=1663"}],"version-history":[{"count":3,"href":"https:\/\/buerger-cham.ch\/index.php?rest_route=\/wp\/v2\/pages\/1663\/revisions"}],"predecessor-version":[{"id":1668,"href":"https:\/\/buerger-cham.ch\/index.php?rest_route=\/wp\/v2\/pages\/1663\/revisions\/1668"}],"wp:attachment":[{"href":"https:\/\/buerger-cham.ch\/index.php?rest_route=%2Fwp%2Fv2%2Fmedia&parent=1663"}],"curies":[{"name":"wp","href":"https:\/\/api.w.org\/{rel}","templated":true}]}}