{"id":1669,"date":"2010-12-07T23:00:14","date_gmt":"2010-12-07T23:00:14","guid":{"rendered":"https:\/\/test.buerger-cham.ch\/staging\/?page_id=1669"},"modified":"2020-05-11T18:35:03","modified_gmt":"2020-05-11T18:35:03","slug":"7-dezember-2010","status":"publish","type":"page","link":"https:\/\/buerger-cham.ch\/?page_id=1669","title":{"rendered":"7. Dezember 2010"},"content":{"rendered":"<p>[et_pb_section fb_built=&#8220;1&#8243; _builder_version=&#8220;4.0.9&#8243;][et_pb_row _builder_version=&#8220;4.0.9&#8243;][et_pb_column type=&#8220;4_4&#8243; _builder_version=&#8220;4.0.9&#8243;][et_pb_text content_tablet=&#8220;&#8220; content_phone=&#8220;&#8220; content_last_edited=&#8220;on|phone&#8220; _builder_version=&#8220;4.0.9&#8243; text_text_color=&#8220;#000000&#8243; text_font_size=&#8220;25px&#8220; text_line_height=&#8220;1.8em&#8220; width=&#8220;100%&#8220;]<\/p>\n<p class=\"titel_groesser\"><span>Anerkennungspreis an die Schnitzelbankgruppe \u00abGiftspr\u00fctzi\u00bb<\/span><\/p>\n<p>[\/et_pb_text][\/et_pb_column][\/et_pb_row][et_pb_row _builder_version=&#8220;4.0.9&#8243;][et_pb_column type=&#8220;4_4&#8243; _builder_version=&#8220;4.0.9&#8243;][et_pb_text ol_position=&#8220;outside&#8220; ol_item_indent=&#8220;20px&#8220; _builder_version=&#8220;4.0.9&#8243; text_text_color=&#8220;#000000&#8243; text_font_size=&#8220;17px&#8220; ol_font_size=&#8220;17px&#8220; ol_line_height=&#8220;2.5em&#8220; hover_enabled=&#8220;0&#8243;]<\/p>\n<p><strong>B\u00fcrgergemeinde-Versammlung vom 21. Juni 2011<\/strong><\/p>\n<p>&nbsp;<\/p>\n<p><strong>Die Chamer B\u00fcrgergemeinde-Versammlung genehmigte an der Versammlung vom 21. Juni 2011 s\u00e4mtliche Antr\u00e4ge des B\u00fcrgerrates, darunter die Rechnung 2010.<\/strong><\/p>\n<p>Die 72 Stimmberechtigten an der von B\u00fcrgerpr\u00e4sident Othmar Werder geleiteten Versammlung genehmigten einstimmig die Rechnung 2010. Statt eines Defizits von 52&#8217;000 Franken resultierte ein \u00dcberschuss von 74&#8217;000 Franken. Die Ergebnisverbesserung von rund 126\u2018000 Franken ist durch tiefere Kosten und h\u00f6here R\u00fcckzahlungen bei den Sozialf\u00e4llen und den Alimentenbevorschussungen zur\u00fcckzuf\u00fchren.<\/p>\n<p>Im Weiteren nahm die Versammlung Kenntnis vom Schlussbericht des Buchprojekts \u00abVom Asyl Cham zur AndreasKlinik\u00bb. Das Buch stiess auf grosses Echo in der Bev\u00f6lkerung. Dank den grossz\u00fcgigen G\u00f6nnerbeitr\u00e4gen beliefen sich die Kosten f\u00fcr die B\u00fcrgergemeinde gerade mal auf 17&#8217;500 Franken (budgetiert waren 54&#8217;500 Franken).<\/p>\n<p>&nbsp;<\/p>\n<p>\u2013 Vorlage <span style=\"color: #dc143c;\"><a href=\"wp-content\/uploads\/2020\/05\/bgv_110621_vorlage-1.pdf\" style=\"color: #dc143c;\">download<\/a><\/span><br \/> \u2013 Protokoll <span style=\"color: #dc143c;\"><a href=\"wp-content\/uploads\/2020\/05\/bgv110621.pdf\" style=\"color: #dc143c;\">download<\/a><\/span><\/p>\n<p>&nbsp;<\/p>\n<p class=\"1grundtext\">\n[\/et_pb_text][\/et_pb_column][\/et_pb_row][\/et_pb_section]<\/p>\n","protected":false},"excerpt":{"rendered":"<p>Anerkennungspreis an die Schnitzelbankgruppe \u00abGiftspr\u00fctzi\u00bbB\u00fcrgergemeinde-Versammlung vom 21. Juni 2011 &nbsp; Die Chamer B\u00fcrgergemeinde-Versammlung genehmigte an der Versammlung vom 21. Juni 2011 s\u00e4mtliche Antr\u00e4ge des B\u00fcrgerrates, darunter die Rechnung 2010. Die 72 Stimmberechtigten an der von B\u00fcrgerpr\u00e4sident Othmar Werder geleiteten Versammlung genehmigten einstimmig die Rechnung 2010. Statt eines Defizits von 52&#8217;000 Franken resultierte ein \u00dcberschuss von [&hellip;]<\/p>\n","protected":false},"author":1,"featured_media":0,"parent":0,"menu_order":0,"comment_status":"closed","ping_status":"closed","template":"","meta":{"_et_pb_use_builder":"on","_et_pb_old_content":"","_et_gb_content_width":"","footnotes":""},"_links":{"self":[{"href":"https:\/\/buerger-cham.ch\/index.php?rest_route=\/wp\/v2\/pages\/1669"}],"collection":[{"href":"https:\/\/buerger-cham.ch\/index.php?rest_route=\/wp\/v2\/pages"}],"about":[{"href":"https:\/\/buerger-cham.ch\/index.php?rest_route=\/wp\/v2\/types\/page"}],"author":[{"embeddable":true,"href":"https:\/\/buerger-cham.ch\/index.php?rest_route=\/wp\/v2\/users\/1"}],"replies":[{"embeddable":true,"href":"https:\/\/buerger-cham.ch\/index.php?rest_route=%2Fwp%2Fv2%2Fcomments&post=1669"}],"version-history":[{"count":4,"href":"https:\/\/buerger-cham.ch\/index.php?rest_route=\/wp\/v2\/pages\/1669\/revisions"}],"predecessor-version":[{"id":1680,"href":"https:\/\/buerger-cham.ch\/index.php?rest_route=\/wp\/v2\/pages\/1669\/revisions\/1680"}],"wp:attachment":[{"href":"https:\/\/buerger-cham.ch\/index.php?rest_route=%2Fwp%2Fv2%2Fmedia&parent=1669"}],"curies":[{"name":"wp","href":"https:\/\/api.w.org\/{rel}","templated":true}]}}