{"id":1684,"date":"2010-11-26T23:00:07","date_gmt":"2010-11-26T23:00:07","guid":{"rendered":"https:\/\/test.buerger-cham.ch\/staging\/?page_id=1684"},"modified":"2020-05-11T18:44:15","modified_gmt":"2020-05-11T18:44:15","slug":"26-november-2011-anerkennungspreis-an-josef-stoeckli","status":"publish","type":"page","link":"https:\/\/buerger-cham.ch\/?page_id=1684","title":{"rendered":"26. November 2011 \u2013 Anerkennungspreis an Josef. St\u00f6ckli"},"content":{"rendered":"<p>[et_pb_section fb_built=&#8220;1&#8243; _builder_version=&#8220;4.0.9&#8243;][et_pb_row _builder_version=&#8220;4.0.9&#8243;][et_pb_column type=&#8220;4_4&#8243; _builder_version=&#8220;4.0.9&#8243;][et_pb_text content_tablet=&#8220;&#8220; content_phone=&#8220;&#8220; content_last_edited=&#8220;on|phone&#8220; _builder_version=&#8220;4.0.9&#8243; text_text_color=&#8220;#000000&#8243; text_font_size=&#8220;25px&#8220; text_line_height=&#8220;1.8em&#8220; width=&#8220;100%&#8220; hover_enabled=&#8220;0&#8243;]<\/p>\n<p class=\"a\">Anerkennungspreis f\u00fcr Architekt Josef St\u00f6ckli<\/p>\n<p class=\"titel_groesser\">\n[\/et_pb_text][\/et_pb_column][\/et_pb_row][et_pb_row _builder_version=&#8220;4.0.9&#8243;][et_pb_column type=&#8220;4_4&#8243; _builder_version=&#8220;4.0.9&#8243;][et_pb_text ol_position=&#8220;outside&#8220; ol_item_indent=&#8220;20px&#8220; _builder_version=&#8220;4.0.9&#8243; text_text_color=&#8220;#000000&#8243; text_font_size=&#8220;17px&#8220; ol_font_size=&#8220;17px&#8220; ol_line_height=&#8220;2.5em&#8220; hover_enabled=&#8220;0&#8243;]<\/p>\n<p class=\"a\"><strong>Der dritte Anerkennungspreis der B\u00fcrgergemeinde Cham ging an den Architekten Josef St\u00f6ckli. Die Verleihung erfolgte am 26. November 2010 an einer Feier in der Villette.<\/strong><\/p>\n<p class=\"a\">Engagement, das die Wohn- und Lebensqualit\u00e4t verbessert: Das will die B\u00fcrgergemeinde mit ihrem alle zwei Jahre verliehenen Anerkennungspreis auszeichnen. \u00abKeiner hat das so sehr getan wie Josef St\u00f6ckli\u00bb, erkl\u00e4rte gestern an der Preisverleihung in der Villette Chams B\u00fcrgerpr\u00e4sident Othmar Werder. St\u00f6ckli hat mit seinen Bauten das St\u00e4dtchen Cham gepr\u00e4gt. Der Architekt zeichnet verantwortlich f\u00fcr den Lorzensaal, f\u00fcr das Oberstufenschulhaus R\u00f6hrliberg mit Hallenbad und f\u00fcr die Hochh\u00e4user im Alpenblick, dank deren er in den Sechzigerjahren f\u00fcr Aufsehen sorgte. Weit \u00fcber 30 Bauten hat er in den vielen Jahren seines Wirkens in Cham geschaffen.<\/p>\n<p class=\"a\">Und auch in anderen Gemeinden hat der gelernte Bauzeichner Spuren hinterlassen. So hat der heute 81-J\u00e4hrige in Baar das neue Verwaltungsgeb\u00e4ude, die Waldmannhalle oder das Kantonalbankgeb\u00e4ude geplant.<\/p>\n<p class=\"a\"><strong>Einfache, schl\u00fcssige Architektur<\/strong><\/p>\n<p class=\"a\">Der ehemalige kantonale Denkmalpfleger Josef Gr\u00fcnenfelder w\u00fcrdigte St\u00f6cklis Schaffen als \u00abeinfache, schl\u00fcssige Architektur\u00bb. St\u00f6ckli habe ihm bei einem der sporadischen Treffen drei Merkmale gelungener Architektur genannt: Utilitas, firmitas und venustas \u2013 N\u00fctzlichkeit, Best\u00e4ndigkeit und anmutige Gestalt. \u00abJosef St\u00f6ckli hat es verstanden, diese drei Merkmale in Einklang zu bringen\u00bb, f\u00fchrte Gr\u00fcnenfelder aus. Und das unabh\u00e4ngig davon, ob es sich um ein Einfamilienhaus oder um einen komplexen Bau wie die Waldmannhalle oder den Lorzensaal handelte.<\/p>\n<p class=\"a\"><strong>Visionen f\u00fcr Cham<\/strong><\/p>\n<p class=\"a\">Die Architektur und die Gestaltung \u00abseines\u00bb Chams haben Josef St\u00f6ckli bis heute nicht losgelassen. In seinem Dank rief er auf, neue Visionen zu entwickeln. \u00abAus dem heutigen Strassendorf Cham soll eine lebendige Kleinstadt werden\u00bb, forderte er. Der menschliche Massstab m\u00fcsse an Gewicht gewinnen, der Verkehr m\u00fcsse domestiziert werden. Er werde diese Aufgabe nicht mehr angehen, so St\u00f6ckli. \u00abDas ist eine tolle Aufgabe f\u00fcr sp\u00e4tere Generationen.\u00bb<\/p>\n<p class=\"a\"><em>Silvan Meier \/ Neue Zuger Zeitung<\/em>\u00a0<\/p>\n<p class=\"1grundtext\">\n[\/et_pb_text][\/et_pb_column][\/et_pb_row][\/et_pb_section]<\/p>\n","protected":false},"excerpt":{"rendered":"<p>Anerkennungspreis f\u00fcr Architekt Josef St\u00f6ckli Der dritte Anerkennungspreis der B\u00fcrgergemeinde Cham ging an den Architekten Josef St\u00f6ckli. Die Verleihung erfolgte am 26. November 2010 an einer Feier in der Villette. Engagement, das die Wohn- und Lebensqualit\u00e4t verbessert: Das will die B\u00fcrgergemeinde mit ihrem alle zwei Jahre verliehenen Anerkennungspreis auszeichnen. \u00abKeiner hat das so sehr getan [&hellip;]<\/p>\n","protected":false},"author":1,"featured_media":0,"parent":0,"menu_order":0,"comment_status":"closed","ping_status":"closed","template":"","meta":{"_et_pb_use_builder":"on","_et_pb_old_content":"","_et_gb_content_width":"","footnotes":""},"_links":{"self":[{"href":"https:\/\/buerger-cham.ch\/index.php?rest_route=\/wp\/v2\/pages\/1684"}],"collection":[{"href":"https:\/\/buerger-cham.ch\/index.php?rest_route=\/wp\/v2\/pages"}],"about":[{"href":"https:\/\/buerger-cham.ch\/index.php?rest_route=\/wp\/v2\/types\/page"}],"author":[{"embeddable":true,"href":"https:\/\/buerger-cham.ch\/index.php?rest_route=\/wp\/v2\/users\/1"}],"replies":[{"embeddable":true,"href":"https:\/\/buerger-cham.ch\/index.php?rest_route=%2Fwp%2Fv2%2Fcomments&post=1684"}],"version-history":[{"count":3,"href":"https:\/\/buerger-cham.ch\/index.php?rest_route=\/wp\/v2\/pages\/1684\/revisions"}],"predecessor-version":[{"id":1688,"href":"https:\/\/buerger-cham.ch\/index.php?rest_route=\/wp\/v2\/pages\/1684\/revisions\/1688"}],"wp:attachment":[{"href":"https:\/\/buerger-cham.ch\/index.php?rest_route=%2Fwp%2Fv2%2Fmedia&parent=1684"}],"curies":[{"name":"wp","href":"https:\/\/api.w.org\/{rel}","templated":true}]}}