{"id":1703,"date":"2020-05-13T08:43:30","date_gmt":"2020-05-13T08:43:30","guid":{"rendered":"https:\/\/test.buerger-cham.ch\/staging\/?page_id=1703"},"modified":"2020-05-13T08:44:01","modified_gmt":"2020-05-13T08:44:01","slug":"liegenschaft-rigistrasse-7","status":"publish","type":"page","link":"https:\/\/buerger-cham.ch\/?page_id=1703","title":{"rendered":"Liegenschaft Rigistrasse 7"},"content":{"rendered":"<p>[et_pb_section fb_built=&#8220;1&#8243; _builder_version=&#8220;4.0.9&#8243;][et_pb_row _builder_version=&#8220;4.0.9&#8243;][et_pb_column type=&#8220;4_4&#8243; _builder_version=&#8220;4.0.9&#8243;][et_pb_text _builder_version=&#8220;4.0.9&#8243; text_text_color=&#8220;#000000&#8243; text_font_size=&#8220;44px&#8220; hover_enabled=&#8220;0&#8243;]<\/p>\n<p>Liegenschaft Rigistrasse 7<\/p>\n<p>[\/et_pb_text][\/et_pb_column][\/et_pb_row][et_pb_row _builder_version=&#8220;4.0.9&#8243;][et_pb_column type=&#8220;4_4&#8243; _builder_version=&#8220;4.0.9&#8243;][et_pb_text _builder_version=&#8220;4.0.9&#8243; text_text_color=&#8220;#000000&#8243; text_font_size=&#8220;17px&#8220; hover_enabled=&#8220;0&#8243;]<\/p>\n<p><span>Die dreigeschossige Liegenschaft Rigistrasse 7 wurde 1910 erbaut und befin- det sich im Besitz der B\u00fcrgergemeinde. Fr\u00fcher bewohnten Mitarbeitende des \u00abAsyls\u00bb das Haus. Seit 2007 ist das Haus dem Verein Familie Plus vermietet, der es f\u00fcr die familienerg\u00e4nzende Kinderbetreuung nutzt. Im Juli 2020 wird der Verein eine neue Liegenschaft beziehen.<\/span><\/p>\n<p><span><\/span><\/p>\n<p><span>Im Haus wurden und werden immer wieder anfallende Reparaturen und Unterhaltsarbeiten gemacht. Eine umfassende Sanierung wurde jedoch nie durchgef\u00fchrt. Nachdem sich die Zahl der Reparaturen h\u00e4ufte, beschloss der B\u00fcrgerrat die Realisierung eines Neubaus. Die B\u00fcrgergemeinde-Versammlung vom 10. Dezember 2019 stimmte einstimmig einem Baukredit von rund zwei Millionen Franken zu. Der Neubau wird drei 2,5-Zimmer-Wohnungen und eine 4,5-Zimmer-Wohnung umfassen. Mit dem Bau soll im August 2020 begonnen werden, bezugsbreit ist das Haus im Oktober 2021.<\/span><\/p>\n<p>[\/et_pb_text][\/et_pb_column][\/et_pb_row][et_pb_row _builder_version=&#8220;4.0.9&#8243;][et_pb_column type=&#8220;4_4&#8243; _builder_version=&#8220;4.0.9&#8243;][et_pb_image src=&#8220;https:\/\/buerger-cham.ch\/wp-content\/uploads\/2020\/05\/Rigistrasse-7-DJI_0080.jpg&#8220; _builder_version=&#8220;4.0.9&#8243; hover_enabled=&#8220;0&#8243;][\/et_pb_image][\/et_pb_column][\/et_pb_row][et_pb_row _builder_version=&#8220;4.0.9&#8243;][et_pb_column type=&#8220;4_4&#8243; _builder_version=&#8220;4.0.9&#8243;][et_pb_text _builder_version=&#8220;4.0.9&#8243; hover_enabled=&#8220;0&#8243;]<\/p>\n<h4>Die Liegenschaft Rigistrasse 7<\/h4>\n<p>[\/et_pb_text][\/et_pb_column][\/et_pb_row][\/et_pb_section][et_pb_section fb_built=&#8220;1&#8243; fullwidth=&#8220;on&#8220; _builder_version=&#8220;4.0.9&#8243;][\/et_pb_section][et_pb_section fb_built=&#8220;1&#8243; fullwidth=&#8220;on&#8220; _builder_version=&#8220;4.0.9&#8243;][\/et_pb_section]<\/p>\n","protected":false},"excerpt":{"rendered":"<p>Liegenschaft Rigistrasse 7 Die dreigeschossige Liegenschaft Rigistrasse 7 wurde 1910 erbaut und befin- det sich im Besitz der B\u00fcrgergemeinde. Fr\u00fcher bewohnten Mitarbeitende des \u00abAsyls\u00bb das Haus. Seit 2007 ist das Haus dem Verein Familie Plus vermietet, der es f\u00fcr die familienerg\u00e4nzende Kinderbetreuung nutzt. Im Juli 2020 wird der Verein eine neue Liegenschaft beziehen. Im Haus [&hellip;]<\/p>\n","protected":false},"author":1,"featured_media":0,"parent":0,"menu_order":0,"comment_status":"closed","ping_status":"closed","template":"","meta":{"_et_pb_use_builder":"on","_et_pb_old_content":"","_et_gb_content_width":"","footnotes":""},"_links":{"self":[{"href":"https:\/\/buerger-cham.ch\/index.php?rest_route=\/wp\/v2\/pages\/1703"}],"collection":[{"href":"https:\/\/buerger-cham.ch\/index.php?rest_route=\/wp\/v2\/pages"}],"about":[{"href":"https:\/\/buerger-cham.ch\/index.php?rest_route=\/wp\/v2\/types\/page"}],"author":[{"embeddable":true,"href":"https:\/\/buerger-cham.ch\/index.php?rest_route=\/wp\/v2\/users\/1"}],"replies":[{"embeddable":true,"href":"https:\/\/buerger-cham.ch\/index.php?rest_route=%2Fwp%2Fv2%2Fcomments&post=1703"}],"version-history":[{"count":3,"href":"https:\/\/buerger-cham.ch\/index.php?rest_route=\/wp\/v2\/pages\/1703\/revisions"}],"predecessor-version":[{"id":1709,"href":"https:\/\/buerger-cham.ch\/index.php?rest_route=\/wp\/v2\/pages\/1703\/revisions\/1709"}],"wp:attachment":[{"href":"https:\/\/buerger-cham.ch\/index.php?rest_route=%2Fwp%2Fv2%2Fmedia&parent=1703"}],"curies":[{"name":"wp","href":"https:\/\/api.w.org\/{rel}","templated":true}]}}