{"id":1839,"date":"2006-11-24T23:38:05","date_gmt":"2006-11-24T23:38:05","guid":{"rendered":"https:\/\/test.buerger-cham.ch\/staging\/?page_id=1839"},"modified":"2020-05-15T17:41:01","modified_gmt":"2020-05-15T17:41:01","slug":"anerkenungspreis-fuer-josef-staehli","status":"publish","type":"page","link":"https:\/\/buerger-cham.ch\/?page_id=1839","title":{"rendered":"Anerkenungspreis f\u00fcr Josef St\u00e4hli"},"content":{"rendered":"<p>[et_pb_section fb_built=&#8220;1&#8243; _builder_version=&#8220;4.0.9&#8243;][et_pb_row _builder_version=&#8220;4.0.9&#8243;][et_pb_column type=&#8220;4_4&#8243; _builder_version=&#8220;4.0.9&#8243;][et_pb_text content_tablet=&#8220;&#8220; content_phone=&#8220;&#8220; content_last_edited=&#8220;on|phone&#8220; _builder_version=&#8220;4.0.9&#8243; text_text_color=&#8220;#000000&#8243; text_font_size=&#8220;25px&#8220; text_line_height=&#8220;1.8em&#8220; width=&#8220;100%&#8220; hover_enabled=&#8220;0&#8243;]<\/p>\n<p class=\"a\">Erster Anerkennungspreis geht an Josef St\u00e4hli<\/p>\n<p>[\/et_pb_text][\/et_pb_column][\/et_pb_row][et_pb_row _builder_version=&#8220;4.0.9&#8243;][et_pb_column type=&#8220;4_4&#8243; _builder_version=&#8220;4.0.9&#8243;][et_pb_text ol_position=&#8220;outside&#8220; ol_item_indent=&#8220;20px&#8220; _builder_version=&#8220;4.0.9&#8243; text_text_color=&#8220;#000000&#8243; text_font_size=&#8220;17px&#8220; ol_font_size=&#8220;17px&#8220; ol_line_height=&#8220;2.5em&#8220; hover_enabled=&#8220;0&#8243;]<\/p>\n<p><span style=\"font-size: 17px;\"><b>Festliche Vergabe des Preises am 24. November 2006<\/b>\u00a0<\/span><\/p>\n<p>&nbsp;<\/p>\n<p>&nbsp;<\/p>\n<p class=\"a\"><strong>Josef St\u00e4hli erh\u00e4lt den ersten Anerkennungspreis der B\u00fcrgergemeinde Cham. Die Verleihung erfolgte am 24. November 2006 an einer Feier in der Villette.<\/strong><\/p>\n<p class=\"a\">Er sei eines der selten gewordenen markanten Originale, sagte Ehrenb\u00fcrger Hans Kaufmann vom Preistr\u00e4ger in seiner Laudatio, in welcher er ein treffendes Bild von Josef St\u00e4hli-Gretener zeichnete. Der Geehrte, der von 1951 bis zu seiner Pensionerung im Jahre 1987 als Werkmeister t\u00e4tig war, habe sein \u00abgrosses Anliegen einer wohnlichen und gr\u00fcnen Gemeinde Cham\u00bb auf verschiedenen Ebenen vertreten, fuhr der Laudator fort. Mit verhaltender Stimme habe er seine warnenden, von echter Sorge gepr\u00e4gten Argumente zu Gunsten der Natur unbeirrt vorgebracht. Als Zeugen nannte Kaufmann den Villettepark, das Strandbad, den Hirsgarten sowie den Teuflibach. Aber auch auf dem Kirchenplatz, den Spiel-, Sport- und Badeanalgen sei der Einfluss des Preistr\u00e4gers sichtbar. Eine Bilderschau zeigte Josef St\u00e4hli an den genannten Wirkungsorten.<\/p>\n<p class=\"a\">Ein weiterer Beleg f\u00fcr das Engagement und den enormen Einsatz, den der ehemalige Werkmeister leistete, sind die vielen Dokumentationen, die er fein s\u00e4uberlich in Hefte gebunden anlegte. Die in acht B\u00e4nden vorliegenden Aufzeichnungen bezeichnete Kaufmann als \u00abdie Summe eines Lebens und den Beweis eines unglaublich fleissigen Arbeiters im Dienste unserer Gemeinde\u00bb. Dieses Werk habe massgeblich zur Verleihung des Wakkerpreises beigetragen. Mit dem gleichen Einsatz wie im Beruf engagierte sich Josef St\u00e4hli auch in verschiedenen Vereinen, die in ihrer Mehrheit alle mit der Natur zu tun hatten. Der Geehrte selber zeigte sich in seinen Dankesworten \u00abkomplett \u00fcberrascht und ger\u00fchrt ob der grossen Ehre\u00bb, und er verwies auf die Verdienste, die seiner Familie in diesem Zusammenhang zukamen.<\/p>\n<p class=\"a\"><strong>Eindr\u00fcckliche Feier<br \/><\/strong>Den musikalischen Rahmen zu dieser schlichten, aber eindr\u00fccklichen Feier gestalteten Mitglieder der Musikschule Cham. B\u00fcrgerratspr\u00e4sident Othmar Werder hatte die angenehme Pflicht, dem Preistr\u00e4ger eine Urkunde sowie die Preissumme von 5000 Franken zu \u00fcberreichen. Er bezeichnete den Geehrten als ein Beispiel, das den Intentionen des Anerkennungspreises vollauf entspreche. Der Preis wird laut Reglement alle zwei Jahre an jemanden verliehen, der sich f\u00fcr \u00abtreu geleistete Arbeit innerhalb der Gemeinde auszeichnet\u00bb. Der Kandidat oder die Kandidatin werden von einer Kommission ausgew\u00e4hlt und dem B\u00fcrgerrat zur Wahl vorgeschlagen.<\/p>\n<p class=\"a\"><em>Hansruedi H\u00fcrlimann \/ Neue Zuger Zeitung<\/em><\/p>\n<p>&nbsp;<\/p>\n<p class=\"1grundtext\">\n[\/et_pb_text][\/et_pb_column][\/et_pb_row][\/et_pb_section]<\/p>\n","protected":false},"excerpt":{"rendered":"<p>Erster Anerkennungspreis geht an Josef St\u00e4hli Festliche Vergabe des Preises am 24. November 2006\u00a0 &nbsp; &nbsp; Josef St\u00e4hli erh\u00e4lt den ersten Anerkennungspreis der B\u00fcrgergemeinde Cham. Die Verleihung erfolgte am 24. November 2006 an einer Feier in der Villette. Er sei eines der selten gewordenen markanten Originale, sagte Ehrenb\u00fcrger Hans Kaufmann vom Preistr\u00e4ger in seiner Laudatio, [&hellip;]<\/p>\n","protected":false},"author":1,"featured_media":0,"parent":0,"menu_order":0,"comment_status":"closed","ping_status":"closed","template":"","meta":{"_et_pb_use_builder":"on","_et_pb_old_content":"","_et_gb_content_width":"","footnotes":""},"_links":{"self":[{"href":"https:\/\/buerger-cham.ch\/index.php?rest_route=\/wp\/v2\/pages\/1839"}],"collection":[{"href":"https:\/\/buerger-cham.ch\/index.php?rest_route=\/wp\/v2\/pages"}],"about":[{"href":"https:\/\/buerger-cham.ch\/index.php?rest_route=\/wp\/v2\/types\/page"}],"author":[{"embeddable":true,"href":"https:\/\/buerger-cham.ch\/index.php?rest_route=\/wp\/v2\/users\/1"}],"replies":[{"embeddable":true,"href":"https:\/\/buerger-cham.ch\/index.php?rest_route=%2Fwp%2Fv2%2Fcomments&post=1839"}],"version-history":[{"count":3,"href":"https:\/\/buerger-cham.ch\/index.php?rest_route=\/wp\/v2\/pages\/1839\/revisions"}],"predecessor-version":[{"id":1844,"href":"https:\/\/buerger-cham.ch\/index.php?rest_route=\/wp\/v2\/pages\/1839\/revisions\/1844"}],"wp:attachment":[{"href":"https:\/\/buerger-cham.ch\/index.php?rest_route=%2Fwp%2Fv2%2Fmedia&parent=1839"}],"curies":[{"name":"wp","href":"https:\/\/api.w.org\/{rel}","templated":true}]}}