{"id":2040,"date":"2022-04-08T15:42:32","date_gmt":"2022-04-08T15:42:32","guid":{"rendered":"https:\/\/buerger-cham.ch\/?page_id=2040"},"modified":"2022-11-23T13:54:41","modified_gmt":"2022-11-23T13:54:41","slug":"2040-2","status":"publish","type":"page","link":"https:\/\/buerger-cham.ch\/?page_id=2040","title":{"rendered":"15. Dezember 2020"},"content":{"rendered":"\n\n[et_pb_section fb_built=&#8220;1&#8243; _builder_version=&#8220;4.16&#8243; global_colors_info=&#8220;{}&#8220;][et_pb_row _builder_version=&#8220;4.16&#8243; global_colors_info=&#8220;{}&#8220;][et_pb_column type=&#8220;4_4&#8243; _builder_version=&#8220;4.16&#8243; global_colors_info=&#8220;{}&#8220;][et_pb_text content_tablet=&#8220;&#8220; content_phone=&#8220;&#8220; content_last_edited=&#8220;on|phone&#8220; _builder_version=&#8220;4.17.0&#8243; text_text_color=&#8220;#000000&#8243; text_font_size=&#8220;25px&#8220; text_line_height=&#8220;1.8em&#8220; width=&#8220;100%&#8220; global_colors_info=&#8220;{}&#8220;]<h1 class=\"entry-title\">Neuer B\u00fcrgerrat gew\u00e4hlt<\/h1>[\/et_pb_text][\/et_pb_column][\/et_pb_row][et_pb_row _builder_version=&#8220;4.17.0&#8243; global_colors_info=&#8220;{}&#8220;][et_pb_column type=&#8220;4_4&#8243; _builder_version=&#8220;4.16&#8243; global_colors_info=&#8220;{}&#8220;][et_pb_text ol_position=&#8220;outside&#8220; ol_item_indent=&#8220;20px&#8220; _builder_version=&#8220;4.17.0&#8243; text_text_color=&#8220;#000000&#8243; text_font_size=&#8220;17px&#8220; ol_font_size=&#8220;17px&#8220; ol_line_height=&#8220;2.5em&#8220; custom_padding=&#8220;||11px|||&#8220; global_colors_info=&#8220;{}&#8220;]<p><b>B\u00fcrgergemeinde-Versammlung vom 15. Dezember 2020<\/b><\/p>\n<p>Pascal Niffeler (40) heisst der neue B\u00fcrgerrat der B\u00fcrgergemeinde Cham. Die B\u00fcrgergemeinde-Versammlung vom 15. Dezember w\u00e4hlte ihn einstimmig zum Nachfolger von Andr\u00e9 Bitzi, der aus dem Kanton Zug weggezogen ist. Pascal Niffeler, von Beruf Bankkaufmann, war zuvor Mitglied der Rechnungspr\u00fcfungskommission. An seine Stelle w\u00e4hlte die von B\u00fcrgerpr\u00e4sident J\u00f6rg Beck geleitete Versammlung einstimmig Nadja Bitzi (23), Bankfachfrau.<\/p>\n<p>Einstimmig genehmigte die Versammlung die Rechnung 2019 und das Budget 2021, das einen Ertrags\u00fcberschuss von 135\u2019000 Franken vorsieht. Auch im kommenden Jahr wird die B\u00fcrgergemeinde Cham keine Steuern erheben.<br \/>Schliesslich verabschiedete B\u00fcrgerpr\u00e4sident Beck den langj\u00e4hrigen Delegierten der Pflegezentrum Ennetsee AG, Josef Huwiler. Er begann seine Aufgabe im Dienste Chamer Spitalwesens im Jahre 1991: Als damaliger \u00abSpitalpr\u00e4sident\u00bb setzte er die Entwicklung der Langzeitpflege in Gang. 2002 wurde das neue Pflegezentrum er\u00f6ffnet, 2016 der Erweiterungsbau. Die Nachfolge hat seine Tochter, Sibylle Huwiler, \u00fcbernommen.<\/p>\n<p>Vorlage <span style=\"color: #dc143c;\"><a href=\"https:\/\/buerger-cham.ch\/wp-content\/uploads\/2022\/04\/bgv201215od.pdf\" style=\"color: #dc143c;\">downloaden<\/a><\/span><br \/>Protokoll <span style=\"color: #dc143c;\"><a href=\"https:\/\/buerger-cham.ch\/wp-content\/uploads\/2021\/01\/bgv_201215.pdf\" style=\"color: #dc143c;\">downloaden<\/a><\/span><\/p>[\/et_pb_text][\/et_pb_column][\/et_pb_row][\/et_pb_section]\n\n","protected":false},"excerpt":{"rendered":"<p>Neuer B\u00fcrgerrat gew\u00e4hltB\u00fcrgergemeinde-Versammlung vom 15. Dezember 2020 Pascal Niffeler (40) heisst der neue B\u00fcrgerrat der B\u00fcrgergemeinde Cham. Die B\u00fcrgergemeinde-Versammlung vom 15. Dezember w\u00e4hlte ihn einstimmig zum Nachfolger von Andr\u00e9 Bitzi, der aus dem Kanton Zug weggezogen ist. Pascal Niffeler, von Beruf Bankkaufmann, war zuvor Mitglied der Rechnungspr\u00fcfungskommission. An seine Stelle w\u00e4hlte die von B\u00fcrgerpr\u00e4sident J\u00f6rg [&hellip;]<\/p>\n","protected":false},"author":1,"featured_media":0,"parent":0,"menu_order":0,"comment_status":"closed","ping_status":"closed","template":"","meta":{"_et_pb_use_builder":"on","_et_pb_old_content":"","_et_gb_content_width":"","footnotes":""},"_links":{"self":[{"href":"https:\/\/buerger-cham.ch\/index.php?rest_route=\/wp\/v2\/pages\/2040"}],"collection":[{"href":"https:\/\/buerger-cham.ch\/index.php?rest_route=\/wp\/v2\/pages"}],"about":[{"href":"https:\/\/buerger-cham.ch\/index.php?rest_route=\/wp\/v2\/types\/page"}],"author":[{"embeddable":true,"href":"https:\/\/buerger-cham.ch\/index.php?rest_route=\/wp\/v2\/users\/1"}],"replies":[{"embeddable":true,"href":"https:\/\/buerger-cham.ch\/index.php?rest_route=%2Fwp%2Fv2%2Fcomments&post=2040"}],"version-history":[{"count":6,"href":"https:\/\/buerger-cham.ch\/index.php?rest_route=\/wp\/v2\/pages\/2040\/revisions"}],"predecessor-version":[{"id":2081,"href":"https:\/\/buerger-cham.ch\/index.php?rest_route=\/wp\/v2\/pages\/2040\/revisions\/2081"}],"wp:attachment":[{"href":"https:\/\/buerger-cham.ch\/index.php?rest_route=%2Fwp%2Fv2%2Fmedia&parent=2040"}],"curies":[{"name":"wp","href":"https:\/\/api.w.org\/{rel}","templated":true}]}}