{"id":2166,"date":"2023-11-07T20:06:25","date_gmt":"2023-11-07T20:06:25","guid":{"rendered":"https:\/\/buerger-cham.ch\/?page_id=2166"},"modified":"2023-11-07T21:05:27","modified_gmt":"2023-11-07T21:05:27","slug":"2166-2","status":"publish","type":"page","link":"https:\/\/buerger-cham.ch\/?page_id=2166","title":{"rendered":"14. Juni 2022"},"content":{"rendered":"<p>[et_pb_section fb_built=&#8220;1&#8243; _builder_version=&#8220;4.20.4&#8243; global_colors_info=&#8220;{}&#8220;][et_pb_row _builder_version=&#8220;4.23&#8243; global_colors_info=&#8220;{}&#8220;][et_pb_column type=&#8220;4_4&#8243; _builder_version=&#8220;4.16&#8243; global_colors_info=&#8220;{}&#8220;][et_pb_text ol_position=&#8220;outside&#8220; ol_item_indent=&#8220;20px&#8220; _builder_version=&#8220;4.20.4&#8243; text_text_color=&#8220;#000000&#8243; text_font_size=&#8220;17px&#8220; ol_font_size=&#8220;17px&#8220; ol_line_height=&#8220;2.5em&#8220; custom_padding=&#8220;||11px|||&#8220; global_colors_info=&#8220;{}&#8220;]<\/p>\n<div class=\"et_post_meta_wrapper\">\n<h1 class=\"entry-title\">Erfolgreichem Rechnungsabschluss zugestimmt<\/h1>\n<\/div>\n<div class=\"entry-content\">\n<div class=\"et-l et-l--post\">\n<div class=\"et_builder_inner_content et_pb_gutters3\">\n<div class=\"et_pb_section et_pb_section_0 et_section_regular\">\n<div class=\"et_pb_row et_pb_row_0\">\n<div class=\"et_pb_column et_pb_column_4_4 et_pb_column_0  et_pb_css_mix_blend_mode_passthrough et-last-child\">\n<div class=\"et_pb_module et_pb_text et_pb_text_0  et_pb_text_align_left et_pb_bg_layout_light\">\n<div class=\"et_pb_text_inner\">\n<p class=\"p1\"><strong><span class=\"s1\">B\u00fcrgergemeinde-Versammlung vom Dienstag, 14. Juni 2022, 19.30 Uhr<\/span><\/strong><\/p>\n<p class=\"p2\"><span class=\"s1\"><b>Neubau Pflegezentrum Ennetsee Cham, Veranstaltungsr\u00e4ume<\/b><\/span><\/p>\n<p class=\"p3\">\n<p>Die von 72 Stimmberechtigten besuchte B\u00fcrgergemeinde-Versammlung Cham stimmte am 14. Juni allen Gesch\u00e4ften einstimmig zu. Im Mittelpunkt stand die Genehmigung der Rechnung 2021, die mit einem \u00dcberschuss von 419\u2018304 Franken abschloss; budgetiert war ein solcher von 134\u2018551 Franken. Der h\u00f6here Ertrags\u00fcberschuss ist vorwiegend entstanden, weil die Ausgaben f\u00fcr die Sozialhilfegelder und die Bevorschussungen f\u00fcr Alimenten tiefer ausgefallen sind als erwartet. Im Weiteren konnte der Neubau Rigistrasse 7 drei Monate fr\u00fcher vermietet werden, wodurch die Einnahmen h\u00f6her ausgefallen sind. \u00abDie finanzielle Situation der B\u00fcrgergemeinde Cham kann als sehr gut bezeichnet werden\u00bb, kommentierte B\u00fcrgerpr\u00e4sident J\u00f6rg Beck das Ergebnis. Die Versammlung nahm weiter Kenntnis vom erfolgreichen Abschluss des Neubaus an der Rigistrasse 7. Die Kosten konnten um 18\u2018565 Franken unterschritten werden.<\/p>\n<p>Im Anschluss an die ordentlichen Traktanden kommentieren Thomas F\u00e4hndrich und Thomas Gretener, beide Mitglieder des Redaktionsteams von chamapedia.ch, vier Beitr\u00e4ge aus dem Fundus des Chamer Online-Lexikons.<\/p>\n<p>\u2013 Vorlage: <span style=\"color: #e02b20;\"><a href=\"https:\/\/buerger-cham.ch\/wp-content\/uploads\/2023\/07\/bgv220615-vorlage.pdf\" style=\"color: #e02b20;\">downloaden<\/a><\/span><\/p>\n<p>\u2013 Protokoll: <span style=\"color: #e02b20;\"><a href=\"https:\/\/buerger-cham.ch\/wp-content\/uploads\/2023\/04\/bgv_220614_prot.pdf\" style=\"color: #e02b20;\">downloaden<\/a><\/span><\/p>\n<p>&nbsp;<\/p>\n<\/div>\n<\/div>\n<\/div>\n<\/div>\n<\/div>\n<\/div>\n<\/div>\n<\/div>\n<p>[\/et_pb_text][\/et_pb_column][\/et_pb_row][\/et_pb_section]<\/p>\n","protected":false},"excerpt":{"rendered":"<p>Erfolgreichem Rechnungsabschluss zugestimmt B\u00fcrgergemeinde-Versammlung vom Dienstag, 14. Juni 2022, 19.30 Uhr Neubau Pflegezentrum Ennetsee Cham, Veranstaltungsr\u00e4ume Die von 72 Stimmberechtigten besuchte B\u00fcrgergemeinde-Versammlung Cham stimmte am 14. Juni allen Gesch\u00e4ften einstimmig zu. Im Mittelpunkt stand die Genehmigung der Rechnung 2021, die mit einem \u00dcberschuss von 419\u2018304 Franken abschloss; budgetiert war ein solcher von 134\u2018551 Franken. Der [&hellip;]<\/p>\n","protected":false},"author":1,"featured_media":0,"parent":0,"menu_order":0,"comment_status":"closed","ping_status":"closed","template":"","meta":{"_et_pb_use_builder":"on","_et_pb_old_content":"","_et_gb_content_width":"","footnotes":""},"_links":{"self":[{"href":"https:\/\/buerger-cham.ch\/index.php?rest_route=\/wp\/v2\/pages\/2166"}],"collection":[{"href":"https:\/\/buerger-cham.ch\/index.php?rest_route=\/wp\/v2\/pages"}],"about":[{"href":"https:\/\/buerger-cham.ch\/index.php?rest_route=\/wp\/v2\/types\/page"}],"author":[{"embeddable":true,"href":"https:\/\/buerger-cham.ch\/index.php?rest_route=\/wp\/v2\/users\/1"}],"replies":[{"embeddable":true,"href":"https:\/\/buerger-cham.ch\/index.php?rest_route=%2Fwp%2Fv2%2Fcomments&post=2166"}],"version-history":[{"count":7,"href":"https:\/\/buerger-cham.ch\/index.php?rest_route=\/wp\/v2\/pages\/2166\/revisions"}],"predecessor-version":[{"id":2188,"href":"https:\/\/buerger-cham.ch\/index.php?rest_route=\/wp\/v2\/pages\/2166\/revisions\/2188"}],"wp:attachment":[{"href":"https:\/\/buerger-cham.ch\/index.php?rest_route=%2Fwp%2Fv2%2Fmedia&parent=2166"}],"curies":[{"name":"wp","href":"https:\/\/api.w.org\/{rel}","templated":true}]}}