{"id":2222,"date":"2024-05-24T07:30:33","date_gmt":"2024-05-24T07:30:33","guid":{"rendered":"https:\/\/buerger-cham.ch\/?page_id=2222"},"modified":"2024-11-04T11:42:51","modified_gmt":"2024-11-04T11:42:51","slug":"oym-chef-informierte-buergergemeinde-versammlung","status":"publish","type":"page","link":"https:\/\/buerger-cham.ch\/?page_id=2222","title":{"rendered":"OYM-Chef informierte B\u00fcrgergemeinde-Versammlung"},"content":{"rendered":"<p>[et_pb_section fb_built=&#8220;1&#8243; _builder_version=&#8220;4.16&#8243; custom_padding=&#8220;53px|||||&#8220; global_colors_info=&#8220;{}&#8220;][et_pb_row _builder_version=&#8220;4.16&#8243; background_size=&#8220;initial&#8220; background_position=&#8220;top_left&#8220; background_repeat=&#8220;repeat&#8220; custom_padding=&#8220;53px|||||&#8220; global_colors_info=&#8220;{}&#8220;][et_pb_column type=&#8220;4_4&#8243; _builder_version=&#8220;4.16&#8243; custom_padding=&#8220;|||&#8220; global_colors_info=&#8220;{}&#8220; custom_padding__hover=&#8220;|||&#8220;][et_pb_text _builder_version=&#8220;4.23&#8243; background_size=&#8220;initial&#8220; background_position=&#8220;top_left&#8220; background_repeat=&#8220;repeat&#8220; global_colors_info=&#8220;{}&#8220;]<\/p>\n<div class=\"et_post_meta_wrapper\">\n<h1 class=\"entry-title\"><span class=\"s1\">B\u00fcrgergemeinde-Versammlung vom 10. Dezember 2024<\/span><\/h1>\n<\/div>\n<p class=\"p2\"><span class=\"s2\">Dienstag, 10. Dezember 2024, 19.30 Uhr\u00a0<\/span><\/p>\n<p class=\"p3\"><span class=\"s2\"><b>Pflegezentrum Ennetsee Cham, Veranstaltungsr\u00e4ume<\/b><\/span><\/p>\n<p class=\"p4\"><span class=\"s2\">Traktanden<\/span><\/p>\n<p class=\"p5\"><span class=\"s3\">1.<span class=\"Apple-tab-span\"> <\/span>Genehmigung des Protokolls der B\u00fcrgergemeinde-Versammlung vom 11. Juni 2024.<\/span><\/p>\n<p class=\"p5\"><span class=\"s3\">2.<span class=\"Apple-tab-span\"> <\/span>Liegenschaft Rigistrasse 8, Sanierung, Objektkredit.<br \/><span class=\"Apple-tab-span\"> <\/span>Bericht und Antrag des B\u00fcrgerrats.<\/span><\/p>\n<p class=\"p5\"><span class=\"s3\">3.<span class=\"Apple-tab-span\"> <\/span>Budget 2025.<br \/><span class=\"Apple-tab-span\"> <\/span>Bericht und Antrag des B\u00fcrgerrats und der Rechnungspr\u00fcfungskommission.<\/span><\/p>\n<p class=\"p5\"><span class=\"s3\">4.<span class=\"Apple-tab-span\"> <\/span>Finanzplan und Investitionsplan.<br \/><span class=\"Apple-tab-span\"> <\/span>Bericht und Antrag des B\u00fcrgerrats.<\/span><\/p>\n<p class=\"p5\"><span class=\"s3\">5.<span class=\"Apple-tab-span\"> <\/span>Mitteilung \u00fcber Einb\u00fcrgerungen durch den B\u00fcrgerrat:<br \/><span class=\"Apple-tab-span\"> <\/span>a) von Schweizer B\u00fcrgern<br \/><span class=\"Apple-tab-span\"> <\/span>b) von ausl\u00e4ndischen Gesuchstellenden;<br \/><span class=\"Apple-tab-span\"> <\/span>c) von ausl\u00e4ndischen Gesuchstellenden der 2. Generation.<\/span><\/p>\n<p class=\"p6\"><span class=\"s3\"> <\/span><\/p>\n<p class=\"p5\"><span class=\"s3\">Im Anschluss an die ordentlichen Traktanden wird der neue B\u00fcrgerschreiber vorgestellt und<br \/>B\u00fcrgerschreiber Thomas Gretener verabschiedet. Danach wird ein Nachtessen serviert.<\/span><\/p>\n<blockquote><\/blockquote>\n<p>\u2013 Vorlage der B\u00fcrgergemeinde-Versammlung vom 10. Dezember 2024 \u2013 <a href=\"https:\/\/buerger-cham.ch\/wp-content\/uploads\/2024\/11\/106316_24_Buergergemeinde_Cham_Vorlage_Gemeindeversammlung.pdf\">download<\/a><\/p>\n<blockquote><\/blockquote>\n<p>&nbsp;<\/p>\n<p>&nbsp;<\/p>\n<p>&nbsp;<\/p>\n<p>&nbsp;<\/p>\n<p>&nbsp;<\/p>\n<p>&nbsp;<\/p>\n<p>&nbsp;<\/p>\n<p>&nbsp;<\/p>\n<p>&nbsp;<\/p>\n<p>&nbsp;<\/p>\n<p>&nbsp;<\/p>\n<p>&nbsp;<\/p>\n<p>&nbsp;<\/p>\n<p>&nbsp;<\/p>\n<p class=\"p1\"><!-- \/divi:paragraph --><\/p>\n<p>&nbsp;<\/p>\n<p>&nbsp;<\/p>\n<p>&nbsp;<\/p>\n<p>&nbsp;<\/p>\n<p>&nbsp;<\/p>\n<p>&nbsp;<\/p>\n<p>&nbsp;<\/p>\n<p>&nbsp;<\/p>\n<p>&nbsp;<\/p>\n<p>&nbsp;<\/p>\n<p><!-- \/divi:paragraph -->[\/et_pb_text][\/et_pb_column][\/et_pb_row][\/et_pb_section]<\/p>\n","protected":false},"excerpt":{"rendered":"<p>B\u00fcrgergemeinde-Versammlung vom 10. Dezember 2024 Dienstag, 10. Dezember 2024, 19.30 Uhr\u00a0 Pflegezentrum Ennetsee Cham, Veranstaltungsr\u00e4ume Traktanden 1. Genehmigung des Protokolls der B\u00fcrgergemeinde-Versammlung vom 11. Juni 2024. 2. Liegenschaft Rigistrasse 8, Sanierung, Objektkredit. Bericht und Antrag des B\u00fcrgerrats. 3. Budget 2025. Bericht und Antrag des B\u00fcrgerrats und der Rechnungspr\u00fcfungskommission. 4. Finanzplan und Investitionsplan. Bericht und Antrag [&hellip;]<\/p>\n","protected":false},"author":1,"featured_media":0,"parent":0,"menu_order":0,"comment_status":"closed","ping_status":"closed","template":"","meta":{"_et_pb_use_builder":"on","_et_pb_old_content":"","_et_gb_content_width":"","footnotes":""},"_links":{"self":[{"href":"https:\/\/buerger-cham.ch\/index.php?rest_route=\/wp\/v2\/pages\/2222"}],"collection":[{"href":"https:\/\/buerger-cham.ch\/index.php?rest_route=\/wp\/v2\/pages"}],"about":[{"href":"https:\/\/buerger-cham.ch\/index.php?rest_route=\/wp\/v2\/types\/page"}],"author":[{"embeddable":true,"href":"https:\/\/buerger-cham.ch\/index.php?rest_route=\/wp\/v2\/users\/1"}],"replies":[{"embeddable":true,"href":"https:\/\/buerger-cham.ch\/index.php?rest_route=%2Fwp%2Fv2%2Fcomments&post=2222"}],"version-history":[{"count":8,"href":"https:\/\/buerger-cham.ch\/index.php?rest_route=\/wp\/v2\/pages\/2222\/revisions"}],"predecessor-version":[{"id":2278,"href":"https:\/\/buerger-cham.ch\/index.php?rest_route=\/wp\/v2\/pages\/2222\/revisions\/2278"}],"wp:attachment":[{"href":"https:\/\/buerger-cham.ch\/index.php?rest_route=%2Fwp%2Fv2%2Fmedia&parent=2222"}],"curies":[{"name":"wp","href":"https:\/\/api.w.org\/{rel}","templated":true}]}}