{"id":33,"date":"2019-12-19T08:42:08","date_gmt":"2019-12-19T08:42:08","guid":{"rendered":"https:\/\/test.buerger-cham.ch\/staging\/?page_id=33"},"modified":"2020-05-18T20:36:57","modified_gmt":"2020-05-18T20:36:57","slug":"pflegezentrum","status":"publish","type":"page","link":"https:\/\/buerger-cham.ch\/?page_id=33","title":{"rendered":"Pflegezentrum"},"content":{"rendered":"<p>[et_pb_section fb_built=&#8220;1&#8243; _builder_version=&#8220;4.0.9&#8243; custom_padding=&#8220;||0px|||&#8220;][et_pb_row _builder_version=&#8220;4.0.9&#8243; width=&#8220;89.5%&#8220; module_alignment=&#8220;center&#8220; min_height=&#8220;590px&#8220; custom_margin=&#8220;|auto|-346px|726px||&#8220; custom_padding=&#8220;|0px|41px|||&#8220; animation_style=&#8220;fade&#8220;][et_pb_column type=&#8220;4_4&#8243; _builder_version=&#8220;4.0.9&#8243;][et_pb_image src=&#8220;https:\/\/buerger-cham.ch\/wp-content\/uploads\/2020\/02\/Pflegezentrum-zugeschnitten.jpg&#8220; force_fullwidth=&#8220;on&#8220; _builder_version=&#8220;4.0.9&#8243; custom_margin=&#8220;|0px|-300px|-21px|false|false&#8220; custom_margin_tablet=&#8220;&#8220; custom_margin_phone=&#8220;|||14px|false|false&#8220; custom_margin_last_edited=&#8220;on|phone&#8220; custom_padding=&#8220;||0px|||&#8220;][\/et_pb_image][\/et_pb_column][\/et_pb_row][et_pb_row _builder_version=&#8220;4.0.9&#8243; min_height=&#8220;611px&#8220; custom_margin=&#8220;0px||||false|false&#8220; custom_padding=&#8220;0px||||false|false&#8220;][et_pb_column type=&#8220;4_4&#8243; _builder_version=&#8220;4.0.9&#8243;][et_pb_text _builder_version=&#8220;4.0.9&#8243; text_text_color=&#8220;#000000&#8243; text_font_size=&#8220;30px&#8220; width=&#8220;100%&#8220; custom_padding=&#8220;0px||||false|false&#8220;]<\/p>\n<p>Das Pflegezentrum<\/p>\n<p>[\/et_pb_text][et_pb_text _builder_version=&#8220;4.0.9&#8243; text_text_color=&#8220;#000000&#8243; text_font_size=&#8220;17px&#8220; custom_margin=&#8220;0px||||false|false&#8220; custom_padding=&#8220;19px||||false|false&#8220; hover_enabled=&#8220;0&#8243;]<\/p>\n<p>Das Pflegezentrum Ennetsee befindet sich mitten in Cham und doch in ruhiger und begr\u00fcnter Umgebung auf dem Z\u00fcndh\u00f6lzliberg. Das Haus besticht durch seine \u00fcberschaubare Gr\u00f6sse auf vier Stockwerken mit insgesamt 90 Betten. Im Mai 2002 wurde der Neubau des Pflegezentrums er\u00f6ffnet, 2014 erfolgt der Spatenstich f\u00fcr den Erweiterungsbau. Drei Jahre sp\u00e4ter wurde der zus\u00e4tzliche Geb\u00e4udeteil in Betrieb genommen. Sowohl den Bau wie auch den Erweiterungsbau hat die B\u00fcrgergemeinde realisiert. Sie vermietet das Geb\u00e4ude an die Pflegezentrum Ennetsee AG, welche das Pflegezentrum auch betreibt. Seit 1997 wird das Pflegezentrum im Managementauftrag durch die AndreasKlinik Cham Zug gef\u00fchrt.<\/p>\n<p>Mehr Informationen erhalten Sie auf der Homepage des <span style=\"color: #ff0000;\"><a href=\"http:\/\/www.pfz-ennetsee.ch\/\" style=\"color: #ff0000;\">Pflegezentrums Ennetsee.<\/a><\/span><\/p>\n<p>[\/et_pb_text][\/et_pb_column][\/et_pb_row][et_pb_row _builder_version=&#8220;4.0.9&#8243;][et_pb_column type=&#8220;4_4&#8243; _builder_version=&#8220;4.0.9&#8243;][et_pb_image src=&#8220;https:\/\/buerger-cham.ch\/wp-content\/uploads\/2020\/02\/Logo-B\u00fcrgergemeinde-Cham-neu.jpg&#8220; _builder_version=&#8220;4.0.9&#8243; transform_rotate=&#8220;0deg|0deg|354deg&#8220; width=&#8220;28%&#8220; custom_margin=&#8220;-36px|||-118px|false|false&#8220; custom_margin_tablet=&#8220;&#8220; custom_margin_phone=&#8220;0px|||0px|false|false&#8220; custom_margin_last_edited=&#8220;on|phone&#8220; custom_padding=&#8220;0px||||false|false&#8220;][\/et_pb_image][\/et_pb_column][\/et_pb_row][\/et_pb_section]<\/p>\n","protected":false},"excerpt":{"rendered":"<p>Das PflegezentrumDas Pflegezentrum Ennetsee befindet sich mitten in Cham und doch in ruhiger und begr\u00fcnter Umgebung auf dem Z\u00fcndh\u00f6lzliberg. Das Haus besticht durch seine \u00fcberschaubare Gr\u00f6sse auf vier Stockwerken mit insgesamt 90 Betten. Im Mai 2002 wurde der Neubau des Pflegezentrums er\u00f6ffnet, 2014 erfolgt der Spatenstich f\u00fcr den Erweiterungsbau. Drei Jahre sp\u00e4ter wurde der zus\u00e4tzliche [&hellip;]<\/p>\n","protected":false},"author":1,"featured_media":0,"parent":0,"menu_order":0,"comment_status":"closed","ping_status":"closed","template":"","meta":{"_et_pb_use_builder":"on","_et_pb_old_content":"","_et_gb_content_width":"","footnotes":""},"_links":{"self":[{"href":"https:\/\/buerger-cham.ch\/index.php?rest_route=\/wp\/v2\/pages\/33"}],"collection":[{"href":"https:\/\/buerger-cham.ch\/index.php?rest_route=\/wp\/v2\/pages"}],"about":[{"href":"https:\/\/buerger-cham.ch\/index.php?rest_route=\/wp\/v2\/types\/page"}],"author":[{"embeddable":true,"href":"https:\/\/buerger-cham.ch\/index.php?rest_route=\/wp\/v2\/users\/1"}],"replies":[{"embeddable":true,"href":"https:\/\/buerger-cham.ch\/index.php?rest_route=%2Fwp%2Fv2%2Fcomments&post=33"}],"version-history":[{"count":30,"href":"https:\/\/buerger-cham.ch\/index.php?rest_route=\/wp\/v2\/pages\/33\/revisions"}],"predecessor-version":[{"id":1851,"href":"https:\/\/buerger-cham.ch\/index.php?rest_route=\/wp\/v2\/pages\/33\/revisions\/1851"}],"wp:attachment":[{"href":"https:\/\/buerger-cham.ch\/index.php?rest_route=%2Fwp%2Fv2%2Fmedia&parent=33"}],"curies":[{"name":"wp","href":"https:\/\/api.w.org\/{rel}","templated":true}]}}