{"id":36,"date":"2019-12-19T08:43:23","date_gmt":"2019-12-19T08:43:23","guid":{"rendered":"https:\/\/test.buerger-cham.ch\/staging\/?page_id=36"},"modified":"2020-06-04T14:51:20","modified_gmt":"2020-06-04T14:51:20","slug":"einbuergern","status":"publish","type":"page","link":"https:\/\/buerger-cham.ch\/?page_id=36","title":{"rendered":"Einb\u00fcrgern"},"content":{"rendered":"<p>[et_pb_section fb_built=&#8220;1&#8243; _builder_version=&#8220;4.0.9&#8243;][et_pb_row _builder_version=&#8220;4.0.9&#8243; min_height=&#8220;295px&#8220; custom_margin=&#8220;||-83px||false|false&#8220; custom_padding=&#8220;|||7px|false|false&#8220;][et_pb_column type=&#8220;4_4&#8243; _builder_version=&#8220;4.0.9&#8243;][et_pb_image src=&#8220;https:\/\/buerger-cham.ch\/wp-content\/uploads\/2020\/05\/Schweizer-Pass-zugeschnitten.jpg&#8220; _builder_version=&#8220;4.0.9&#8243; background_enable_image=&#8220;off&#8220; custom_margin=&#8220;||0px||false|false&#8220; custom_padding=&#8220;||50px||false|false&#8220; hover_enabled=&#8220;0&#8243; custom_padding_last_edited=&#8220;off|desktop&#8220; custom_margin_last_edited=&#8220;on|phone&#8220;][\/et_pb_image][\/et_pb_column][\/et_pb_row][et_pb_row _builder_version=&#8220;4.0.9&#8243; custom_padding=&#8220;|||7px|false|false&#8220;][et_pb_column type=&#8220;4_4&#8243; _builder_version=&#8220;4.0.9&#8243;][et_pb_text _builder_version=&#8220;4.0.9&#8243; text_font=&#8220;||||||||&#8220; text_text_color=&#8220;#000000&#8243; text_font_size=&#8220;30px&#8220; header_font_size=&#8220;1px&#8220; custom_margin_tablet=&#8220;&#8220; custom_margin_phone=&#8220;|||4px|false|false&#8220; custom_margin_last_edited=&#8220;on|phone&#8220; text_text_color_tablet=&#8220;&#8220; text_text_color_phone=&#8220;&#8220; text_text_color_last_edited=&#8220;on|phone&#8220;]<\/p>\n<p>Wie einb\u00fcrgern?<\/p>\n<p>[\/et_pb_text][\/et_pb_column][\/et_pb_row][et_pb_row _builder_version=&#8220;4.0.9&#8243; custom_padding=&#8220;|||10px|false|false&#8220;][et_pb_column type=&#8220;4_4&#8243; _builder_version=&#8220;4.0.9&#8243;][et_pb_text _builder_version=&#8220;4.0.9&#8243; text_text_color=&#8220;#000000&#8243; text_font_size=&#8220;17px&#8220; custom_margin=&#8220;-79px|||0px|false|false&#8220; custom_margin_tablet=&#8220;&#8220; custom_margin_phone=&#8220;-113px||||false|false&#8220; custom_margin_last_edited=&#8220;on|phone&#8220; custom_padding=&#8220;0px|||0px|false|false&#8220;]<\/p>\n<p>&nbsp;<\/p>\n<p>&nbsp;<\/p>\n<p>Besitzen Sie bereits das <strong>Schweizer B\u00fcrgerrecht<\/strong> und m\u00f6chten Chamer B\u00fcrgerin oder Chamer B\u00fcrger werden?<\/p>\n<p><a href=\"https:\/\/buerger-cham.ch\/?page_id=395&amp;et_fb=1&amp;PageSpeed=off\"><span style=\"text-decoration: underline; color: #dc143c;\">Wenn ja, klicken Sie hier.<\/span><\/a><\/p>\n<p>&nbsp;<\/p>\n<p>[\/et_pb_text][et_pb_text _builder_version=&#8220;4.0.9&#8243; text_text_color=&#8220;#000000&#8243; text_font_size=&#8220;17px&#8220;]<\/p>\n<p>M\u00f6chten Sie als <strong>Ausl\u00e4nder oder Ausl\u00e4nderin<\/strong> das Schweizer B\u00fcrgerrecht erwerben?<\/p>\n<p><span style=\"text-decoration: underline; color: #dc143c;\"><a href=\"https:\/\/buerger-cham.ch\/?page_id=400&amp;et_fb=1&amp;PageSpeed=off\" style=\"color: #dc143c;\">Wenn ja, klicken Sie hier<\/a>.<\/span><\/p>\n<p>&nbsp;<\/p>\n<p>[\/et_pb_text][et_pb_image src=&#8220;https:\/\/buerger-cham.ch\/wp-content\/uploads\/2020\/02\/Logo-B\u00fcrgergemeinde-Cham-neu.jpg&#8220; _builder_version=&#8220;4.0.9&#8243; transform_rotate=&#8220;0deg|0deg|354deg&#8220; width=&#8220;35%&#8220; width_tablet=&#8220;&#8220; width_phone=&#8220;26%&#8220; width_last_edited=&#8220;on|phone&#8220; custom_margin=&#8220;|||-148px|false|false&#8220; custom_margin_tablet=&#8220;&#8220; custom_margin_phone=&#8220;|||0px|false|false&#8220; custom_margin_last_edited=&#8220;on|phone&#8220; width__hover_enabled=&#8220;on|desktop&#8220;][\/et_pb_image][\/et_pb_column][\/et_pb_row][\/et_pb_section]<\/p>\n","protected":false},"excerpt":{"rendered":"<p>Wie einb\u00fcrgern?&nbsp; &nbsp; Besitzen Sie bereits das Schweizer B\u00fcrgerrecht und m\u00f6chten Chamer B\u00fcrgerin oder Chamer B\u00fcrger werden? Wenn ja, klicken Sie hier. &nbsp;M\u00f6chten Sie als Ausl\u00e4nder oder Ausl\u00e4nderin das Schweizer B\u00fcrgerrecht erwerben? Wenn ja, klicken Sie hier. &nbsp;<\/p>\n","protected":false},"author":1,"featured_media":0,"parent":0,"menu_order":0,"comment_status":"closed","ping_status":"closed","template":"","meta":{"_et_pb_use_builder":"on","_et_pb_old_content":"","_et_gb_content_width":"","footnotes":""},"_links":{"self":[{"href":"https:\/\/buerger-cham.ch\/index.php?rest_route=\/wp\/v2\/pages\/36"}],"collection":[{"href":"https:\/\/buerger-cham.ch\/index.php?rest_route=\/wp\/v2\/pages"}],"about":[{"href":"https:\/\/buerger-cham.ch\/index.php?rest_route=\/wp\/v2\/types\/page"}],"author":[{"embeddable":true,"href":"https:\/\/buerger-cham.ch\/index.php?rest_route=\/wp\/v2\/users\/1"}],"replies":[{"embeddable":true,"href":"https:\/\/buerger-cham.ch\/index.php?rest_route=%2Fwp%2Fv2%2Fcomments&post=36"}],"version-history":[{"count":20,"href":"https:\/\/buerger-cham.ch\/index.php?rest_route=\/wp\/v2\/pages\/36\/revisions"}],"predecessor-version":[{"id":1896,"href":"https:\/\/buerger-cham.ch\/index.php?rest_route=\/wp\/v2\/pages\/36\/revisions\/1896"}],"wp:attachment":[{"href":"https:\/\/buerger-cham.ch\/index.php?rest_route=%2Fwp%2Fv2%2Fmedia&parent=36"}],"curies":[{"name":"wp","href":"https:\/\/api.w.org\/{rel}","templated":true}]}}