{"id":48,"date":"2019-12-19T08:55:56","date_gmt":"2019-12-19T08:55:56","guid":{"rendered":"https:\/\/test.buerger-cham.ch\/staging\/?page_id=48"},"modified":"2026-05-01T08:58:15","modified_gmt":"2026-05-01T08:58:15","slug":"namen-kontakte","status":"publish","type":"page","link":"https:\/\/buerger-cham.ch\/?page_id=48","title":{"rendered":"Namen &#038; Kontakte"},"content":{"rendered":"<p>[et_pb_section fb_built=&#8220;1&#8243; _builder_version=&#8220;4.16&#8243; global_colors_info=&#8220;{}&#8220;][et_pb_row _builder_version=&#8220;4.16&#8243; global_colors_info=&#8220;{}&#8220;][et_pb_column type=&#8220;4_4&#8243; _builder_version=&#8220;4.16&#8243; global_colors_info=&#8220;{}&#8220;][et_pb_image src=&#8220;https:\/\/buerger-cham.ch\/wp-content\/uploads\/2020\/02\/die-B\u00fcrgergemeinde-zugeschnitten.jpg&#8220; _builder_version=&#8220;4.16&#8243; global_colors_info=&#8220;{}&#8220;][\/et_pb_image][\/et_pb_column][\/et_pb_row][et_pb_row _builder_version=&#8220;4.16&#8243; custom_padding=&#8220;|||4px|false|false&#8220; global_colors_info=&#8220;{}&#8220;][et_pb_column type=&#8220;4_4&#8243; _builder_version=&#8220;4.16&#8243; global_colors_info=&#8220;{}&#8220;][et_pb_text _builder_version=&#8220;4.16&#8243; text_text_color=&#8220;#000000&#8243; text_font_size=&#8220;44px&#8220; custom_margin=&#8220;29px||||false|false&#8220; global_colors_info=&#8220;{}&#8220;]<\/p>\n<p>Der B\u00fcrgerrat<\/p>\n<p>[\/et_pb_text][\/et_pb_column][\/et_pb_row][et_pb_row column_structure=&#8220;1_2,1_2&#8243; _builder_version=&#8220;4.16&#8243; custom_padding=&#8220;|||9px|false|false&#8220; global_colors_info=&#8220;{}&#8220;][et_pb_column type=&#8220;1_2&#8243; _builder_version=&#8220;4.16&#8243; global_colors_info=&#8220;{}&#8220;][et_pb_team_member name=&#8220;J\u00f6rg Beck&#8220; position=&#8220;B\u00fcrgerpr\u00e4sident seit 2018, seit 2010 im B\u00fcrgerrat&#8220; image_url=&#8220;https:\/\/buerger-cham.ch\/wp-content\/uploads\/2020\/02\/J\u00f6rg-Beck.jpg&#8220; _builder_version=&#8220;4.16&#8243; width=&#8220;55%&#8220; global_colors_info=&#8220;{}&#8220;]<\/p>\n<p>Mitinhaber eines Sanit\u00e4r- und Heizungsgesch\u00e4fts<\/p>\n<p><span style=\"font-size: 14px;\">Ressort: Liegenschaften Geb\u00e4ude<\/span><\/p>\n<p><span style=\"font-size: 14px;\">Kontakt: <\/span><span style=\"font-size: 14px; text-decoration-line: underline; color: #dc143c;\"><a href=\"mailto:joerg.beck@buerger-cham.ch\" style=\"color: #dc143c;\">Mail<\/a><\/span><\/p>\n<p><span style=\"font-size: 14px;\">Tel. P: 041 780 98 01<\/span><\/p>\n<p><span style=\"font-size: 14px;\">Tel. G: 041 289 10 89<\/span><\/p>\n<p>&nbsp;<\/p>\n<p>[\/et_pb_team_member][\/et_pb_column][et_pb_column type=&#8220;1_2&#8243; _builder_version=&#8220;4.16&#8243; global_colors_info=&#8220;{}&#8220;][et_pb_team_member name=&#8220;Karin Schoch-Hillebrandt&#8220; position=&#8220;Vizepr\u00e4sidentin, seit 2010 im B\u00fcrgerrat&#8220; image_url=&#8220;https:\/\/buerger-cham.ch\/wp-content\/uploads\/2020\/02\/Karin-Schoch.jpg&#8220; _builder_version=&#8220;4.16&#8243; width=&#8220;55%&#8220; global_colors_info=&#8220;{}&#8220;]<\/p>\n<p>Sachbearbeiterin<\/p>\n<p>Ressort: Soziales<\/p>\n<p>Kontakt: <span style=\"text-decoration: underline;\"><span style=\"color: #dc143c;\"><a href=\"mailto:karin.schoch@buerger-cham.ch\" style=\"color: #dc143c; text-decoration: underline;\">Mail<\/a><\/span><\/span><\/p>\n<p>Tel. P: 041 780 09 62<\/p>\n<p>[\/et_pb_team_member][\/et_pb_column][\/et_pb_row][et_pb_row column_structure=&#8220;1_2,1_2&#8243; _builder_version=&#8220;4.16&#8243; custom_padding=&#8220;|||9px|false|false&#8220; global_colors_info=&#8220;{}&#8220;][et_pb_column type=&#8220;1_2&#8243; _builder_version=&#8220;4.16&#8243; global_colors_info=&#8220;{}&#8220;][et_pb_team_member name=&#8220;Brigitte Strickler-K\u00fcng&#8220; position=&#8220;B\u00fcrgerr\u00e4tin, seit 2014 im B\u00fcrgerrat&#8220; image_url=&#8220;https:\/\/buerger-cham.ch\/wp-content\/uploads\/2020\/02\/Brigitte-Strickler.jpg&#8220; _builder_version=&#8220;4.16&#8243; width=&#8220;55%&#8220; global_colors_info=&#8220;{}&#8220;]<\/p>\n<p>Buchhalterin mit eidg. Fachausweis<\/p>\n<p>Ressort: Finanzen<\/p>\n<p>Kontakt: <span style=\"text-decoration: underline; color: #dc143c;\"><a href=\"mailto:brigitte.strickler@buerger-cham.ch\" style=\"color: #dc143c; text-decoration: underline;\">Mail<\/a><\/span><\/p>\n<p>Tel.: 041 780 58 58<\/p>\n<p>[\/et_pb_team_member][\/et_pb_column][et_pb_column type=&#8220;1_2&#8243; _builder_version=&#8220;4.16&#8243; global_colors_info=&#8220;{}&#8220;][et_pb_team_member name=&#8220;Stefan Hausheer&#8220; position=&#8220;B\u00fcrgerrat, seit 2014 im B\u00fcrgerrat&#8220; image_url=&#8220;https:\/\/buerger-cham.ch\/wp-content\/uploads\/2020\/02\/Stefan-Hauseer.jpg&#8220; _builder_version=&#8220;4.16&#8243; width=&#8220;55%&#8220; global_colors_info=&#8220;{}&#8220;]<\/p>\n<p>Geschaftsf\u00fchrer Hausheer Elektro AG<\/p>\n<p>Ressort: Liegenschaften Land, Wald<\/p>\n<p>Kontakt: <span style=\"text-decoration: underline;\"><span style=\"color: #dc143c;\"><a href=\"mailto:stefan.hausheer@buerger-cham.ch\" style=\"color: #dc143c; text-decoration: underline;\">Mail<\/a><\/span><\/span><\/p>\n<p>Tel.: 041 780 16 76<\/p>\n<p>[\/et_pb_team_member][\/et_pb_column][\/et_pb_row][et_pb_row column_structure=&#8220;1_2,1_2&#8243; _builder_version=&#8220;4.16&#8243; custom_padding=&#8220;|||9px|false|false&#8220; global_colors_info=&#8220;{}&#8220;][et_pb_column type=&#8220;1_2&#8243; _builder_version=&#8220;4.16&#8243; global_colors_info=&#8220;{}&#8220;][et_pb_team_member name=&#8220;Pascal Niffeler&#8220; position=&#8220;B\u00fcrgerrat, seit 2021 im Amt&#8220; image_url=&#8220;https:\/\/buerger-cham.ch\/wp-content\/uploads\/2021\/01\/Niffeler_Pascal-DSC1382-1-scaled.jpg&#8220; _builder_version=&#8220;4.16&#8243; width=&#8220;74.5%&#8220; min_height=&#8220;652.7px&#8220; custom_padding=&#8220;||0px|||&#8220; border_radii_image=&#8220;off||||&#8220; global_colors_info=&#8220;{}&#8220;]<\/p>\n<p>Ressort: Einb\u00fcrgerungen<\/p>\n<p>Rebstock 22, 6332 Hagendorn<\/p>\n<p>Kontakt: <span style=\"text-decoration: underline; color: #dc143c;\"><a href=\"mailto:pascal.niffeler@buerger-cham.ch\" style=\"color: #dc143c; text-decoration: underline;\">Mail<\/a><\/span><\/p>\n<p>Tel.: <span> 041 709 61 30<\/span><\/p>\n<p>[\/et_pb_team_member][et_pb_code _builder_version=&#8220;4.16&#8243; global_colors_info=&#8220;{}&#8220;][\/et_pb_code][\/et_pb_column][et_pb_column type=&#8220;1_2&#8243; _builder_version=&#8220;4.16&#8243; global_colors_info=&#8220;{}&#8220;][et_pb_team_member name=&#8220;Remo Stierli&#8220; position=&#8220;B\u00fcrgerschreiber, seit 2025 im Amt&#8220; image_url=&#8220;https:\/\/buerger-cham.ch\/wp-content\/uploads\/2025\/01\/Stierli_remo.jpg&#8220; _builder_version=&#8220;4.23&#8243; width=&#8220;55%&#8220; custom_padding=&#8220;||0px|||&#8220; global_colors_info=&#8220;{}&#8220;]<\/p>\n<p>Ressorts: B\u00fcrgerschreiber<\/p>\n<p>B\u00fcrgerkanzlei: Rigistrasse 7, 6330 Cham<\/p>\n<p>Kontakt: <span style=\"text-decoration: underline; color: #dc143c;\"><a href=\"mailto:info@buerger-cham.ch\" style=\"color: #dc143c; text-decoration: underline;\">Mail<\/a><\/span><\/p>\n<p>Tel.: 041 783 09 85<\/p>\n<p>[\/et_pb_team_member][\/et_pb_column][\/et_pb_row][et_pb_row _builder_version=&#8220;4.16&#8243; min_height=&#8220;86px&#8220; custom_padding=&#8220;|||9px|false|false&#8220; global_colors_info=&#8220;{}&#8220;][et_pb_column type=&#8220;4_4&#8243; _builder_version=&#8220;4.16&#8243; global_colors_info=&#8220;{}&#8220;][et_pb_text _builder_version=&#8220;4.16&#8243; text_font_size=&#8220;26px&#8220; global_colors_info=&#8220;{}&#8220;]<\/p>\n<p>Weitere<\/p>\n<p>[\/et_pb_text][\/et_pb_column][\/et_pb_row][et_pb_row column_structure=&#8220;1_2,1_2&#8243; _builder_version=&#8220;4.16&#8243; custom_margin=&#8220;-38px||||false|false&#8220; custom_padding=&#8220;|||12px|false|false&#8220; global_colors_info=&#8220;{}&#8220;][et_pb_column type=&#8220;1_2&#8243; _builder_version=&#8220;4.16&#8243; global_colors_info=&#8220;{}&#8220;][et_pb_team_member name=&#8220;Delegierte der Pflegezentrum Ennetsee AG&#8220; position=&#8220;Sibylle Huwiler&#8220; _builder_version=&#8220;4.16&#8243; global_colors_info=&#8220;{}&#8220;]<\/p>\n<p>Kontakt: <span style=\"text-decoration: underline; color: #dc143c;\"><a href=\"mailto:sh@huwiler-treuhand.ch\" style=\"color: #dc143c; text-decoration: underline;\">Mail<\/a><\/span><\/p>\n<p>Tel. G: 041 784 21 57<\/p>\n<p>[\/et_pb_team_member][\/et_pb_column][et_pb_column type=&#8220;1_2&#8243; _builder_version=&#8220;4.16&#8243; global_colors_info=&#8220;{}&#8220;][et_pb_team_member name=&#8220;B\u00fcrgerweibel&#8220; position=&#8220;Josef K\u00fcng, Cham&#8220; _builder_version=&#8220;4.16&#8243; global_colors_info=&#8220;{}&#8220;][\/et_pb_team_member][\/et_pb_column][\/et_pb_row][et_pb_row column_structure=&#8220;1_2,1_2&#8243; _builder_version=&#8220;4.16&#8243; custom_padding=&#8220;|||11px|false|false&#8220; global_colors_info=&#8220;{}&#8220;][et_pb_column type=&#8220;1_2&#8243; _builder_version=&#8220;4.16&#8243; global_colors_info=&#8220;{}&#8220;][et_pb_team_member name=&#8220;Rechnungspr\u00fcfungskommission&#8220; _builder_version=&#8220;4.16&#8243; global_colors_info=&#8220;{}&#8220;]<\/p>\n<p><span><\/span><\/p>\n<p><span>Nicole Annen-Werder, Pr\u00e4sidentin der Rechnungspr\u00fcfungskommission<\/span><\/p>\n<p>Christa Aregger, Mitglied der RPK<br \/><span><\/span><\/p>\n<p><span>Patrick Zangger, Mitglied der RPK<\/span><\/p>\n<p>&nbsp;<\/p>\n<p><span><\/span><\/p>\n<p>[\/et_pb_team_member][\/et_pb_column][et_pb_column type=&#8220;1_2&#8243; _builder_version=&#8220;4.16&#8243; global_colors_info=&#8220;{}&#8220;][\/et_pb_column][\/et_pb_row][et_pb_row _builder_version=&#8220;4.16&#8243; global_colors_info=&#8220;{}&#8220;][et_pb_column type=&#8220;4_4&#8243; _builder_version=&#8220;4.16&#8243; global_colors_info=&#8220;{}&#8220;][et_pb_image src=&#8220;https:\/\/buerger-cham.ch\/wp-content\/uploads\/2020\/02\/Logo-B\u00fcrgergemeinde-Cham-neu.jpg&#8220; _builder_version=&#8220;4.16&#8243; transform_rotate=&#8220;0deg|0deg|354deg&#8220; width=&#8220;25%&#8220; custom_margin=&#8220;0px|0px||-94px|false|false&#8220; custom_padding=&#8220;|0px|||false|false&#8220; global_colors_info=&#8220;{}&#8220;][\/et_pb_image][\/et_pb_column][\/et_pb_row][\/et_pb_section]<\/p>\n","protected":false},"excerpt":{"rendered":"<p>Der B\u00fcrgerratMitinhaber eines Sanit\u00e4r- und Heizungsgesch\u00e4fts Ressort: Liegenschaften Geb\u00e4ude Kontakt: Mail Tel. P: 041 780 98 01 Tel. G: 041 289 10 89 &nbsp;Sachbearbeiterin Ressort: Soziales Kontakt: Mail Tel. P: 041 780 09 62Buchhalterin mit eidg. Fachausweis Ressort: Finanzen Kontakt: Mail Tel.: 041 780 58 58Geschaftsf\u00fchrer Hausheer Elektro AG Ressort: Liegenschaften Land, Wald Kontakt: Mail [&hellip;]<\/p>\n","protected":false},"author":1,"featured_media":0,"parent":0,"menu_order":0,"comment_status":"closed","ping_status":"closed","template":"","meta":{"_et_pb_use_builder":"on","_et_pb_old_content":"","_et_gb_content_width":"","footnotes":""},"_links":{"self":[{"href":"https:\/\/buerger-cham.ch\/index.php?rest_route=\/wp\/v2\/pages\/48"}],"collection":[{"href":"https:\/\/buerger-cham.ch\/index.php?rest_route=\/wp\/v2\/pages"}],"about":[{"href":"https:\/\/buerger-cham.ch\/index.php?rest_route=\/wp\/v2\/types\/page"}],"author":[{"embeddable":true,"href":"https:\/\/buerger-cham.ch\/index.php?rest_route=\/wp\/v2\/users\/1"}],"replies":[{"embeddable":true,"href":"https:\/\/buerger-cham.ch\/index.php?rest_route=%2Fwp%2Fv2%2Fcomments&post=48"}],"version-history":[{"count":52,"href":"https:\/\/buerger-cham.ch\/index.php?rest_route=\/wp\/v2\/pages\/48\/revisions"}],"predecessor-version":[{"id":2358,"href":"https:\/\/buerger-cham.ch\/index.php?rest_route=\/wp\/v2\/pages\/48\/revisions\/2358"}],"wp:attachment":[{"href":"https:\/\/buerger-cham.ch\/index.php?rest_route=%2Fwp%2Fv2%2Fmedia&parent=48"}],"curies":[{"name":"wp","href":"https:\/\/api.w.org\/{rel}","templated":true}]}}