{"id":765,"date":"2020-04-30T16:09:45","date_gmt":"2020-04-30T16:09:45","guid":{"rendered":"https:\/\/test.buerger-cham.ch\/staging\/?page_id=765"},"modified":"2024-11-04T11:13:48","modified_gmt":"2024-11-04T11:13:48","slug":"aktuell-archiv","status":"publish","type":"page","link":"https:\/\/buerger-cham.ch\/?page_id=765","title":{"rendered":"Aktuell Archiv"},"content":{"rendered":"<p>[et_pb_section fb_built=&#8220;1&#8243; _builder_version=&#8220;4.16&#8243; custom_padding=&#8220;||15px|||&#8220; global_colors_info=&#8220;{}&#8220;][et_pb_row _builder_version=&#8220;4.16&#8243; global_colors_info=&#8220;{}&#8220;][et_pb_column type=&#8220;4_4&#8243; _builder_version=&#8220;4.16&#8243; global_colors_info=&#8220;{}&#8220;][et_pb_text _builder_version=&#8220;4.16&#8243; text_text_color=&#8220;#000000&#8243; text_font_size=&#8220;36px&#8220; global_colors_info=&#8220;{}&#8220;]Aktuell Archiv[\/et_pb_text][\/et_pb_column][\/et_pb_row][et_pb_row column_structure=&#8220;1_2,1_2&#8243; _builder_version=&#8220;4.16&#8243; custom_padding=&#8220;99px|||||&#8220; global_colors_info=&#8220;{}&#8220;][et_pb_column type=&#8220;1_2&#8243; _builder_version=&#8220;4.16&#8243; global_colors_info=&#8220;{}&#8220;][et_pb_text _builder_version=&#8220;4.23&#8243; text_text_color=&#8220;#000000&#8243; text_font_size=&#8220;17px&#8220; hover_enabled=&#8220;0&#8243; global_colors_info=&#8220;{}&#8220; sticky_enabled=&#8220;0&#8243;]<\/p>\n<p><strong>11. Juni 2024<\/strong><br \/><span style=\"color: #dc143c;\"><a href=\"https:\/\/buerger-cham.ch\/?page_id=2222&amp;et_fb=1&amp;PageSpeed=off\" style=\"color: #dc143c;\">R\u00fcckblick auf eine bewegte Spitalgeschichte<\/a><\/span><\/p>\n<p><strong><\/strong><\/p>\n<p><strong>13. Dezember 2022<\/strong><br \/><span style=\"color: #e02b20;\"><a href=\"https:\/\/buerger-cham.ch\/?page_id=2238\" style=\"color: #e02b20;\">OYM-Chef informierte B\u00fcrgergemeinde-Versammlung<\/a><\/span><strong><\/strong><\/p>\n<p><strong><\/strong><\/p>\n<p><strong>14. Juni 2022<\/strong><br \/><span style=\"color: #e02b20;\"><a href=\"https:\/\/buerger-cham.ch\/?page_id=2166\" style=\"color: #e02b20;\">Erfolgreichem Rechnungsabschluss zugestimmt<\/a><\/span><br \/><strong><\/strong><\/p>\n<p><strong><\/strong><\/p>\n<p><strong>28. September 2021<br \/><\/strong><span style=\"color: #db002b; font-size: 17px;\"><\/span><a href=\"https:\/\/buerger-cham.ch\/?p=2013&amp;et_fb=1&amp;PageSpeed=off\" style=\"font-size: 17px; color: #db002b;\">Neue Chefin der Rechnungspr\u00fcfungskommission<\/a><strong><\/strong><strong><\/strong><\/p>\n<p><strong>15. Juni 2021<\/strong><br \/><span style=\"color: #e02b20;\"><a href=\"https:\/\/buerger-cham.ch\/?page_id=2082&amp;et_fb=1&amp;PageSpeed=off\" style=\"color: #e02b20;\">Solide Finanzlage der B\u00fcrgergemeinde Cham<\/a><\/span><\/p>\n<p><strong><\/strong><strong>15. Dezember 2020<\/strong><br \/><span style=\"color: #dc143c;\"><a href=\"?page_id=2040\" style=\"color: #dc143c;\">Neuer B\u00fcrgerrat gew\u00e4hlt<\/a><\/span><\/p>\n<p><b><\/b><b>10. Dezember 2019<br \/><\/b><span style=\"color: #dc143c;\"><a href=\"?page_id=716\" style=\"color: #dc143c;\">Dem Neubau Rigistrasse 7 zugestimmt<\/a><b><\/b><\/span><strong><\/strong><span style=\"color: #dc143c;\"><\/span><\/p>\n<p><strong style=\"font-size: 17px;\">18. Juni 2019<br \/><\/strong><span style=\"color: #dc143c;\"><a href=\"?page_id=1009\" style=\"color: #dc143c;\">Rechnung 2018 einstimmig genehmigt<\/a><\/span><\/p>\n<p><strong style=\"font-size: 17px;\">11. Dezember 2018<br \/><\/strong><span style=\"color: #dc143c;\"><a href=\"?page_id=903\" style=\"color: #dc143c;\">Budget 2019 genehmigt<\/a><\/span><\/p>\n<p><strong style=\"font-size: 17px;\">19. Juni 2018<br \/><\/strong><strong style=\"font-size: 17px;\"><\/strong><span style=\"font-size: 17px;\"><span style=\"color: #dc143c;\"><a href=\"?page_id=1038\" style=\"color: #dc143c;\">Erfolgreicher Rechnungsabschluss 2017<\/a><\/span><\/span><\/p>\n<p><strong style=\"font-size: 17px;\">20. \u00a0Juni 2017<br \/><\/strong><span style=\"color: #dc143c;\"><a href=\"?page_id=996\" style=\"color: #dc143c;\">B\u00fcrgergemeinde Cham erh\u00e4lt Gemeindeordnung<\/a><\/span><\/p>\n<p><strong>3. Oktober 2017, Wahlversammlung<br \/><\/strong><span style=\"color: #dc143c;\"><\/span><a href=\"?page_id=1060\" style=\"color: #dc143c;\">Neuer B\u00fcrgerpr\u00e4sident gew\u00e4hlt<\/a><\/p>\n<p><strong style=\"font-size: 17px;\">13. Dezember 2016<br \/><\/strong><strong style=\"font-size: 17px;\"><\/strong><span style=\"color: #dc143c;\"><a href=\"?page_id=1000\" style=\"color: #dc143c;\">Ausbau des Geschichtslexikons chamapedia.ch beschlossen<\/a><\/span><\/p>\n<p><strong style=\"color: #dc143c; font-size: 17px;\"><span style=\"color: #333333;\">21. Juni 2016<br \/><\/span><\/strong><a href=\"?page_id=916\"><span style=\"color: #dc143c;\">Erfolgreichem Rechnungsabschluss 2015 zugestimmt<\/span><\/a><\/p>\n<p><strong>15. Dezember 2015<\/strong><br \/><span style=\"color: #ff0000;\"><a href=\"?page_id=1581\" style=\"color: #ff0000;\">Grundsatzentscheid zu chamapedia.ch<\/a><\/span><\/p>\n<p><strong>23. Juni 2015<\/strong><br \/><span style=\"color: #dc143c;\"><a href=\"?page_id=1591\" style=\"color: #dc143c;\">Zustimmung zum Baukredit f\u00fcr Tiefgarage<\/a><\/span><\/p>\n<p><strong>16. Dezember 2014<\/strong><br \/><span style=\"color: #ff0000;\"><a href=\"?page_id=1630\" style=\"color: #ff0000;\">Versammlung stimmt Budget 2015 zu<\/a><\/span><\/p>\n<p><strong>24. Juni 2014<\/strong><br \/><span style=\"color: #ff0000;\"><a href=\"?page_id=1616\" style=\"color: #ff0000;\">Unterirdisches Parkhaus kann gebaut werden<\/a><\/span><\/p>\n<p><strong>10. Dezember 2013<\/strong><br \/><a href=\"?page_id=1622\"><span style=\"color: #ff0000;\">B\u00fcrgergemeinde saniert ihre Liegenschaf<\/span><\/a><span style=\"color: #ff0000;\">t<\/span><\/p>\n<p><strong>1. Oktober 2013<\/strong><br \/><span style=\"color: #ff0000;\"><a href=\"?page_id=1636\" style=\"color: #ff0000;\">Zwei neue Mitglieder des B\u00fcrgerrates gew\u00e4hlt<\/a><\/span><\/p>\n<p><strong>18. Juni 2013 <\/strong><br \/><span style=\"color: #ff0000;\"><a href=\"?page_id=1646\" style=\"color: #ff0000;\">B\u00fcrgergemeinde unterst\u00fctzt Ziegeleimuseum<\/a><\/span><\/p>\n<p><strong>11. Dezember 2012<\/strong><br \/><span style=\"color: #ff0000;\"><a href=\"?page_id=1653\" style=\"color: #ff0000;\">Anerkennungspreis an Schnitzelbankgruppe \u00abGiftspr\u00fctzi\u00bb<\/a><\/span><\/p>\n<p><strong>19. Juni 2012<\/strong><br \/><span style=\"color: #ff0000;\"><a href=\"?page_id=1659\" style=\"color: #ff0000;\">Verkauf der Liegenschaft Tormattstrasse 7<\/a><\/span><\/p>\n<p><strong>13. Dezember 2011<\/strong><br \/><span style=\"color: #ff0000;\"><a href=\"?page_id=1663\" style=\"color: #ff0000;\">Cham erh\u00e4lt ein Kleinstkunsthaus<\/a><\/span><\/p>\n<p><strong>21. Juni 2011<\/strong><br \/><span style=\"color: #ff0000;\"><a href=\"?page_id=1669\" style=\"color: #ff0000;\">Rechnung 2010 schliesst mit einem Plus<\/a><\/span><\/p>\n<p><strong>7. Dezember 2010<\/strong><br \/><span style=\"color: #ff0000;\"><a href=\"?page_id=1675\" style=\"color: #ff0000;\">Zustimmung zum Budget 2011<\/a><\/span><\/p>\n<p><strong>26. November 2010<\/strong><br \/><span style=\"color: #ff0000;\"><a href=\"?page_id=1684\" style=\"color: #ff0000;\">Anerkennungspreis f\u00fcr Architekt Josef St\u00f6ckli<\/a><\/span><\/p>\n<p><b>24. November 2006<br \/><\/b><a href=\"?page_id=1839\"><span style=\"color: #ff0000;\">Verleihung des Anerkennungspreises an Josef St\u00e4hli<\/span><\/a><\/p>\n<p>&nbsp;<\/p>\n<p>[\/et_pb_text][\/et_pb_column][et_pb_column type=&#8220;1_2&#8243; _builder_version=&#8220;4.16&#8243; global_colors_info=&#8220;{}&#8220;][\/et_pb_column][\/et_pb_row][\/et_pb_section]<\/p>\n","protected":false},"excerpt":{"rendered":"<p>Aktuell Archiv11. Juni 2024R\u00fcckblick auf eine bewegte Spitalgeschichte 13. Dezember 2022OYM-Chef informierte B\u00fcrgergemeinde-Versammlung 14. Juni 2022Erfolgreichem Rechnungsabschluss zugestimmt 28. September 2021Neue Chefin der Rechnungspr\u00fcfungskommission 15. Juni 2021Solide Finanzlage der B\u00fcrgergemeinde Cham 15. Dezember 2020Neuer B\u00fcrgerrat gew\u00e4hlt 10. Dezember 2019Dem Neubau Rigistrasse 7 zugestimmt 18. Juni 2019Rechnung 2018 einstimmig genehmigt 11. Dezember 2018Budget 2019 genehmigt 19. [&hellip;]<\/p>\n","protected":false},"author":1,"featured_media":0,"parent":0,"menu_order":0,"comment_status":"closed","ping_status":"closed","template":"","meta":{"_et_pb_use_builder":"on","_et_pb_old_content":"","_et_gb_content_width":"","footnotes":""},"_links":{"self":[{"href":"https:\/\/buerger-cham.ch\/index.php?rest_route=\/wp\/v2\/pages\/765"}],"collection":[{"href":"https:\/\/buerger-cham.ch\/index.php?rest_route=\/wp\/v2\/pages"}],"about":[{"href":"https:\/\/buerger-cham.ch\/index.php?rest_route=\/wp\/v2\/types\/page"}],"author":[{"embeddable":true,"href":"https:\/\/buerger-cham.ch\/index.php?rest_route=\/wp\/v2\/users\/1"}],"replies":[{"embeddable":true,"href":"https:\/\/buerger-cham.ch\/index.php?rest_route=%2Fwp%2Fv2%2Fcomments&post=765"}],"version-history":[{"count":62,"href":"https:\/\/buerger-cham.ch\/index.php?rest_route=\/wp\/v2\/pages\/765\/revisions"}],"predecessor-version":[{"id":2265,"href":"https:\/\/buerger-cham.ch\/index.php?rest_route=\/wp\/v2\/pages\/765\/revisions\/2265"}],"wp:attachment":[{"href":"https:\/\/buerger-cham.ch\/index.php?rest_route=%2Fwp%2Fv2%2Fmedia&parent=765"}],"curies":[{"name":"wp","href":"https:\/\/api.w.org\/{rel}","templated":true}]}}