{"id":903,"date":"2018-12-11T23:00:14","date_gmt":"2018-12-11T23:00:14","guid":{"rendered":"https:\/\/test.buerger-cham.ch\/staging\/?page_id=903"},"modified":"2020-05-15T17:05:30","modified_gmt":"2020-05-15T17:05:30","slug":"aktuell-10-juni-2019","status":"publish","type":"page","link":"https:\/\/buerger-cham.ch\/?page_id=903","title":{"rendered":"11. Dezember 2018"},"content":{"rendered":"<p>[et_pb_section fb_built=&#8220;1&#8243; _builder_version=&#8220;4.0.9&#8243;][et_pb_row _builder_version=&#8220;4.0.9&#8243;][et_pb_column type=&#8220;4_4&#8243; _builder_version=&#8220;4.0.9&#8243;][et_pb_text content_tablet=&#8220;&#8220; content_phone=&#8220;&#8220; content_last_edited=&#8220;on|phone&#8220; _builder_version=&#8220;4.0.9&#8243; text_text_color=&#8220;#000000&#8243; text_font_size=&#8220;25px&#8220; text_line_height=&#8220;1.8em&#8220; width=&#8220;100%&#8220;]<\/p>\n<p class=\"titel_groesser\">Zustimmung zum Budget 2019<\/p>\n<p>[\/et_pb_text][\/et_pb_column][\/et_pb_row][et_pb_row _builder_version=&#8220;4.0.9&#8243;][et_pb_column type=&#8220;4_4&#8243; _builder_version=&#8220;4.0.9&#8243;][et_pb_text ol_position=&#8220;outside&#8220; ol_item_indent=&#8220;20px&#8220; _builder_version=&#8220;4.0.9&#8243; text_text_color=&#8220;#000000&#8243; text_font_size=&#8220;17px&#8220; ol_font_size=&#8220;17px&#8220; ol_line_height=&#8220;2.5em&#8220; hover_enabled=&#8220;0&#8243;]<\/p>\n<p><strong>B\u00fcrgergemeinde-Versammlung vom 11. Dezember 2018<\/strong><\/p>\n<p><span>Die B\u00fcrgergemeinde-Versammlung Cham vom 11. Dezember 2018 stimmte einstimmig dem Budget 2019 zu. Es sieht bei Aufwendungen von Fr.\u00a0753\u2019750.00 und Ertr\u00e4gen von Fr. 974\u2019194.00 einen Ertrags\u00fcberschuss von Fr. 220\u2019444.00 vor. Auch im Jahr 2019 wird die B\u00fcrgergemeinde Cham keine Steuern erheben. An der von B\u00fcrgerpr\u00e4sident J\u00f6rg Beck geleiteten Versammlung nahmen 73 Personen teil.<\/span><\/p>\n<p><span>\u2013 Vorlage <span style=\"color: #ff0000;\"><a href=\"wp-content\/uploads\/2020\/05\/bgv_181211-1.pdf\" target=\"_blank\" rel=\"noopener noreferrer\" style=\"color: #ff0000;\">download<\/a><\/span><br \/>\u2013 Protokoll <span style=\"color: #ff0000;\"><a href=\"wp-content\/uploads\/2020\/05\/bgv_181211.pdf\" target=\"_blank\" rel=\"noopener noreferrer\" style=\"color: #ff0000;\">download<\/a><\/span><\/span><\/p>\n<p>&nbsp;<\/p>\n<p>[\/et_pb_text][\/et_pb_column][\/et_pb_row][\/et_pb_section]<\/p>\n","protected":false},"excerpt":{"rendered":"<p>Zustimmung zum Budget 2019B\u00fcrgergemeinde-Versammlung vom 11. Dezember 2018 Die B\u00fcrgergemeinde-Versammlung Cham vom 11. Dezember 2018 stimmte einstimmig dem Budget 2019 zu. Es sieht bei Aufwendungen von Fr.\u00a0753\u2019750.00 und Ertr\u00e4gen von Fr. 974\u2019194.00 einen Ertrags\u00fcberschuss von Fr. 220\u2019444.00 vor. Auch im Jahr 2019 wird die B\u00fcrgergemeinde Cham keine Steuern erheben. An der von B\u00fcrgerpr\u00e4sident J\u00f6rg Beck [&hellip;]<\/p>\n","protected":false},"author":1,"featured_media":0,"parent":0,"menu_order":0,"comment_status":"closed","ping_status":"closed","template":"","meta":{"_et_pb_use_builder":"on","_et_pb_old_content":"","_et_gb_content_width":"","footnotes":""},"_links":{"self":[{"href":"https:\/\/buerger-cham.ch\/index.php?rest_route=\/wp\/v2\/pages\/903"}],"collection":[{"href":"https:\/\/buerger-cham.ch\/index.php?rest_route=\/wp\/v2\/pages"}],"about":[{"href":"https:\/\/buerger-cham.ch\/index.php?rest_route=\/wp\/v2\/types\/page"}],"author":[{"embeddable":true,"href":"https:\/\/buerger-cham.ch\/index.php?rest_route=\/wp\/v2\/users\/1"}],"replies":[{"embeddable":true,"href":"https:\/\/buerger-cham.ch\/index.php?rest_route=%2Fwp%2Fv2%2Fcomments&post=903"}],"version-history":[{"count":6,"href":"https:\/\/buerger-cham.ch\/index.php?rest_route=\/wp\/v2\/pages\/903\/revisions"}],"predecessor-version":[{"id":1826,"href":"https:\/\/buerger-cham.ch\/index.php?rest_route=\/wp\/v2\/pages\/903\/revisions\/1826"}],"wp:attachment":[{"href":"https:\/\/buerger-cham.ch\/index.php?rest_route=%2Fwp%2Fv2%2Fmedia&parent=903"}],"curies":[{"name":"wp","href":"https:\/\/api.w.org\/{rel}","templated":true}]}}