{"id":916,"date":"2016-06-21T04:01:42","date_gmt":"2016-06-21T04:01:42","guid":{"rendered":"https:\/\/test.buerger-cham.ch\/staging\/?page_id=916"},"modified":"2020-05-07T19:46:14","modified_gmt":"2020-05-07T19:46:14","slug":"aktuell-15-september-2017","status":"publish","type":"page","link":"https:\/\/buerger-cham.ch\/?page_id=916","title":{"rendered":"21. Juni 2016"},"content":{"rendered":"<p>[et_pb_section fb_built=&#8220;1&#8243; _builder_version=&#8220;4.0.9&#8243;][et_pb_row _builder_version=&#8220;4.0.9&#8243;][et_pb_column type=&#8220;4_4&#8243; _builder_version=&#8220;4.0.9&#8243;][et_pb_text content_tablet=&#8220;&#8220; content_phone=&#8220;&#8220; content_last_edited=&#8220;on|phone&#8220; _builder_version=&#8220;4.0.9&#8243; text_text_color=&#8220;#000000&#8243; text_font_size=&#8220;25px&#8220; text_line_height=&#8220;1.8em&#8220; width=&#8220;100%&#8220; custom_padding=&#8220;0px|||||&#8220;]<\/p>\n<p class=\"titel_groesser\">Erfolgreichem Rechnungsabschluss 2015 zugestimmt<\/p>\n<p>[\/et_pb_text][\/et_pb_column][\/et_pb_row][et_pb_row _builder_version=&#8220;4.0.9&#8243;][et_pb_column type=&#8220;4_4&#8243; _builder_version=&#8220;4.0.9&#8243;][et_pb_text ol_position=&#8220;outside&#8220; ol_item_indent=&#8220;20px&#8220; _builder_version=&#8220;4.0.9&#8243; text_text_color=&#8220;#000000&#8243; text_font_size=&#8220;17px&#8220; ol_font_size=&#8220;17px&#8220; ol_line_height=&#8220;2.5em&#8220; hover_enabled=&#8220;0&#8243;]<\/p>\n<p><strong>B\u00fcrgergemeinde-Versammlung vom 21. Juni 2016<\/strong><\/p>\n<p>Die von 98 Stimmberechtigten besuchte B\u00fcrgergemeinde-Versammlung Cham stimmte am 21. Juni 2016 allen Gesch\u00e4ften einstimmig zu. Im Mittelpunkt stand die Genehmigung der Rechnung 2015, die mit einem \u00dcberschuss von 317&#8217;680 Franken abschloss; budgetiert war ein solcher von 169&#8217;400 Franken. \u00abDie finanzielle Situation der B\u00fcrgergemeinde<span>\u00a0 <\/span>Cham kann als sehr gut bezeichnet werden\u00bb, kommentierte B\u00fcrgerpr\u00e4sident Othmar Werder das Ergebnis. Nicht ganz selbstverst\u00e4ndlich, da die B\u00fcrgergemeinde im Moment verschiedene bauliche Grossprojekte realisiert: das unterirdische Parkhaus bei der AndreasKlinik und den Erweiterungsbau des Pflegezentrums, der im Dezember bezugsbereit sein wird.<\/p>\n<p>Nach der Versammlung las Heimweh-Chamer Walter Bucher, 70, aus seinem neuesten Buch. Bucher verbrachte seine Kindheit als Sohn der G\u00e4rtnerfamilie im Schloss St. Andreas in Cham, zog sp\u00e4ter in die Ostschweiz. Seine Erinnerungen verarbeitete er in einem sowohl humorvollen wie auch informativ verfassten Buch.<\/p>\n<p>\u2013 Vorlage <span style=\"color: #dc143c;\"><a href=\"wp-content\/uploads\/2020\/05\/bgv_160621_vorlage.pdf\" style=\"color: #dc143c;\">download<\/a><\/span><br \/> \u2013 Protokoll <span style=\"color: #dc143c;\"><a href=\"wp-content\/uploads\/2020\/05\/bgv_160621.pdf\" style=\"color: #dc143c;\">download<\/a><\/span><\/p>\n<p>[\/et_pb_text][\/et_pb_column][\/et_pb_row][\/et_pb_section]<\/p>\n","protected":false},"excerpt":{"rendered":"<p>Erfolgreichem Rechnungsabschluss 2015 zugestimmtB\u00fcrgergemeinde-Versammlung vom 21. Juni 2016 Die von 98 Stimmberechtigten besuchte B\u00fcrgergemeinde-Versammlung Cham stimmte am 21. Juni 2016 allen Gesch\u00e4ften einstimmig zu. Im Mittelpunkt stand die Genehmigung der Rechnung 2015, die mit einem \u00dcberschuss von 317&#8217;680 Franken abschloss; budgetiert war ein solcher von 169&#8217;400 Franken. \u00abDie finanzielle Situation der B\u00fcrgergemeinde\u00a0 Cham kann als [&hellip;]<\/p>\n","protected":false},"author":1,"featured_media":0,"parent":0,"menu_order":0,"comment_status":"closed","ping_status":"closed","template":"","meta":{"_et_pb_use_builder":"on","_et_pb_old_content":"","_et_gb_content_width":"","footnotes":""},"_links":{"self":[{"href":"https:\/\/buerger-cham.ch\/index.php?rest_route=\/wp\/v2\/pages\/916"}],"collection":[{"href":"https:\/\/buerger-cham.ch\/index.php?rest_route=\/wp\/v2\/pages"}],"about":[{"href":"https:\/\/buerger-cham.ch\/index.php?rest_route=\/wp\/v2\/types\/page"}],"author":[{"embeddable":true,"href":"https:\/\/buerger-cham.ch\/index.php?rest_route=\/wp\/v2\/users\/1"}],"replies":[{"embeddable":true,"href":"https:\/\/buerger-cham.ch\/index.php?rest_route=%2Fwp%2Fv2%2Fcomments&post=916"}],"version-history":[{"count":7,"href":"https:\/\/buerger-cham.ch\/index.php?rest_route=\/wp\/v2\/pages\/916\/revisions"}],"predecessor-version":[{"id":1566,"href":"https:\/\/buerger-cham.ch\/index.php?rest_route=\/wp\/v2\/pages\/916\/revisions\/1566"}],"wp:attachment":[{"href":"https:\/\/buerger-cham.ch\/index.php?rest_route=%2Fwp%2Fv2%2Fmedia&parent=916"}],"curies":[{"name":"wp","href":"https:\/\/api.w.org\/{rel}","templated":true}]}}